{"id":2429,"date":"2022-01-25T20:26:32","date_gmt":"2022-01-25T20:26:32","guid":{"rendered":"https:\/\/www.tss-24.com\/?page_id=2429"},"modified":"2022-02-18T17:43:49","modified_gmt":"2022-02-18T15:43:49","slug":"clips","status":"publish","type":"page","link":"https:\/\/www.tss-24.com\/en\/verbrauchsmaterialien\/clips\/","title":{"rendered":"Clips"},"content":{"rendered":"<div data-elementor-type=\"wp-page\" data-elementor-id=\"2429\" class=\"elementor elementor-2429\">\n\t\t\t\t\t\t<section class=\"elementor-section elementor-top-section elementor-element elementor-element-4616e1f4 elementor-section-boxed elementor-section-height-default elementor-section-height-default\" data-id=\"4616e1f4\" data-element_type=\"section\" data-e-type=\"section\" data-settings=\"{&quot;background_background&quot;:&quot;classic&quot;}\">\n\t\t\t\t\t\t<div class=\"elementor-container elementor-column-gap-no\">\n\t\t\t\t\t<div class=\"elementor-column elementor-col-100 elementor-top-column elementor-element elementor-element-f5356ea\" data-id=\"f5356ea\" data-element_type=\"column\" data-e-type=\"column\">\n\t\t\t<div class=\"elementor-widget-wrap elementor-element-populated\">\n\t\t\t\t\t\t<section class=\"elementor-section elementor-inner-section elementor-element elementor-element-2f9e6396 elementor-section-boxed elementor-section-height-default elementor-section-height-default\" data-id=\"2f9e6396\" data-element_type=\"section\" data-e-type=\"section\">\n\t\t\t\t\t\t<div class=\"elementor-container elementor-column-gap-default\">\n\t\t\t\t\t<div class=\"elementor-column elementor-col-100 elementor-inner-column elementor-element elementor-element-3c1450d0\" data-id=\"3c1450d0\" data-element_type=\"column\" data-e-type=\"column\">\n\t\t\t<div class=\"elementor-widget-wrap elementor-element-populated\">\n\t\t\t\t\t\t<div class=\"elementor-element elementor-element-a353ac0 elementor-widget elementor-widget-elementskit-heading\" data-id=\"a353ac0\" data-element_type=\"widget\" data-e-type=\"widget\" data-widget_type=\"elementskit-heading.default\">\n\t\t\t\t<div class=\"elementor-widget-container\">\n\t\t\t\t\t<div class=\"ekit-wid-con\" ><div class=\"ekit-heading elementskit-section-title-wraper center   ekit_heading_tablet-   ekit_heading_mobile-\"><span class=\"elementskit-section-subtitle\">\n\t\t\t\t\t\t#Strong\n\t\t\t\t\t<\/span><h2 class=\"ekit-heading--title elementskit-section-title\">We Build Your Clips<\/h2>\t\t\t\t<div class='ekit-heading__description'>\n\t\t\t\t\t<p>Ob Clips in Streifen, Endlosclips, auf Rollen oder auf verschiedenen Kunststoffspulen<\/p>\n<p>Wir liefern Ihnen praktisch alle auf dem Markt verf\u00fcgbaren Aluminiumclips.\u00a0<\/p>\n\t\t\t\t<\/div>\n\t\t\t<\/div><\/div>\t\t\t\t<\/div>\n\t\t\t\t<\/div>\n\t\t\t\t<div class=\"elementor-element elementor-element-a4bec96 elementor-widget elementor-widget-spacer\" data-id=\"a4bec96\" data-element_type=\"widget\" data-e-type=\"widget\" data-widget_type=\"spacer.default\">\n\t\t\t\t<div class=\"elementor-widget-container\">\n\t\t\t\t\t\t\t<div class=\"elementor-spacer\">\n\t\t\t<div class=\"elementor-spacer-inner\"><\/div>\n\t\t<\/div>\n\t\t\t\t\t\t<\/div>\n\t\t\t\t<\/div>\n\t\t\t\t\t<\/div>\n\t\t<\/div>\n\t\t\t\t\t<\/div>\n\t\t<\/section>\n\t\t\t\t\t<\/div>\n\t\t<\/div>\n\t\t\t\t\t<\/div>\n\t\t<\/section>\n\t\t\t\t<section class=\"elementor-section elementor-top-section elementor-element elementor-element-6e2f1c15 elementor-section-boxed elementor-section-height-default elementor-section-height-default\" data-id=\"6e2f1c15\" data-element_type=\"section\" data-e-type=\"section\">\n\t\t\t\t\t\t<div class=\"elementor-container elementor-column-gap-default\">\n\t\t\t\t\t<div class=\"elementor-column elementor-col-50 elementor-top-column elementor-element elementor-element-47e8af51\" data-id=\"47e8af51\" data-element_type=\"column\" data-e-type=\"column\">\n\t\t\t<div class=\"elementor-widget-wrap elementor-element-populated\">\n\t\t\t\t\t\t<div class=\"elementor-element elementor-element-6f20a00 elementor-widget elementor-widget-spacer\" data-id=\"6f20a00\" data-element_type=\"widget\" data-e-type=\"widget\" data-widget_type=\"spacer.default\">\n\t\t\t\t<div class=\"elementor-widget-container\">\n\t\t\t\t\t\t\t<div class=\"elementor-spacer\">\n\t\t\t<div class=\"elementor-spacer-inner\"><\/div>\n\t\t<\/div>\n\t\t\t\t\t\t<\/div>\n\t\t\t\t<\/div>\n\t\t\t\t<div class=\"elementor-element elementor-element-1af5571a elementor-widget elementor-widget-image\" data-id=\"1af5571a\" data-element_type=\"widget\" data-e-type=\"widget\" data-widget_type=\"image.default\">\n\t\t\t\t<div class=\"elementor-widget-container\">\n\t\t\t\t\t\t\t\t\t\t\t\t\t\t\t<img fetchpriority=\"high\" decoding=\"async\" width=\"500\" height=\"300\" src=\"https:\/\/www.tss-24.com\/wp-content\/uploads\/2022\/01\/clips-spule.jpg\" class=\"attachment-large size-large wp-image-2697\" alt=\"\" srcset=\"https:\/\/www.tss-24.com\/wp-content\/uploads\/2022\/01\/clips-spule.jpg 500w, https:\/\/www.tss-24.com\/wp-content\/uploads\/2022\/01\/clips-spule-300x180.jpg 300w, https:\/\/www.tss-24.com\/wp-content\/uploads\/2022\/01\/clips-spule-18x12.jpg 18w\" sizes=\"(max-width: 500px) 100vw, 500px\" \/>\t\t\t\t\t\t\t\t\t\t\t\t\t\t\t<\/div>\n\t\t\t\t<\/div>\n\t\t\t\t\t<\/div>\n\t\t<\/div>\n\t\t\t\t<div class=\"elementor-column elementor-col-50 elementor-top-column elementor-element elementor-element-5bbafd6c\" data-id=\"5bbafd6c\" data-element_type=\"column\" data-e-type=\"column\">\n\t\t\t<div class=\"elementor-widget-wrap elementor-element-populated\">\n\t\t\t\t\t\t<div class=\"elementor-element elementor-element-59e39a5 elementor-widget elementor-widget-elementskit-heading\" data-id=\"59e39a5\" data-element_type=\"widget\" data-e-type=\"widget\" data-widget_type=\"elementskit-heading.default\">\n\t\t\t\t<div class=\"elementor-widget-container\">\n\t\t\t\t\t<div class=\"ekit-wid-con\" ><div class=\"ekit-heading elementskit-section-title-wraper text_left   ekit_heading_tablet-   ekit_heading_mobile-\"><span class=\"elementskit-section-subtitle\">\n\t\t\t\t\t\tOur Proud\n\t\t\t\t\t<\/span><h2 class=\"ekit-heading--title elementskit-section-title\">25 Years of Experience<\/h2>\t\t\t\t<div class='ekit-heading__description'>\n\t\t\t\t\t<p>Bei uns werden nur Materialien von h\u00f6chster Qualit\u00e4t eingesetzt. Das hochwertige Erscheinungsbild entspricht den Anspr\u00fcchen von kleinen Traditionsbetrieben bis hin zu multinationalen Konzernen der Lebensmittel- und Verpackungsindustrie.<\/p>\n\t\t\t\t<\/div>\n\t\t\t<\/div><\/div>\t\t\t\t<\/div>\n\t\t\t\t<\/div>\n\t\t\t\t<div class=\"elementor-element elementor-element-f1d0c8e elementor-widget elementor-widget-eael-creative-button\" data-id=\"f1d0c8e\" data-element_type=\"widget\" data-e-type=\"widget\" data-widget_type=\"eael-creative-button.default\">\n\t\t\t\t<div class=\"elementor-widget-container\">\n\t\t\t\t\t        <div class=\"eael-creative-button-wrapper\">\n\n            <a class=\"eael-creative-button eael-creative-button--rayen eael-cb-icon-position-left\" href=\"https:\/\/www.tss-24.com\/en\/kontakt\/\" data-text=\"GO! \">\n            \t    \n                <div class=\"creative-button-inner\">\n\n                                            <span class=\"eael-creative-button-icon-left\"><i aria-hidden=\"true\" class=\"far fa-address-book\"><\/i><\/span>                    \n                    <span class=\"cretive-button-text\">Contact<\/span>\n\n                                    <\/div>\n\t                        <\/a>\n        <\/div>\n        \t\t\t\t<\/div>\n\t\t\t\t<\/div>\n\t\t\t\t<section class=\"elementor-section elementor-inner-section elementor-element elementor-element-59d98f8 elementor-section-boxed elementor-section-height-default elementor-section-height-default\" data-id=\"59d98f8\" data-element_type=\"section\" data-e-type=\"section\">\n\t\t\t\t\t\t<div class=\"elementor-container elementor-column-gap-no\">\n\t\t\t\t\t<div class=\"elementor-column elementor-col-50 elementor-inner-column elementor-element elementor-element-3eaff83e\" data-id=\"3eaff83e\" data-element_type=\"column\" data-e-type=\"column\">\n\t\t\t<div class=\"elementor-widget-wrap elementor-element-populated\">\n\t\t\t\t\t\t<div class=\"elementor-element elementor-element-93bfece elementor-widget elementor-widget-elementskit-funfact\" data-id=\"93bfece\" data-element_type=\"widget\" data-e-type=\"widget\" data-widget_type=\"elementskit-funfact.default\">\n\t\t\t\t<div class=\"elementor-widget-container\">\n\t\t\t\t\t<div class=\"ekit-wid-con\" >\n\t\t<div class=\"elementskit-funfact text-left\">\n\t\t\t\n\t\t\t<div class=\"elementskit-funfact-inner\">\n\t\t\t\t\t\t\t\t\n\t\t\t\t<div class=\"funfact-content\">\n\t\t\t\t\t<div class=\"number-percentage-wraper\">\n\t\t\t\t\t\t\t\t\t\t\t\t<span class=\"number-percentage\"\n\t\t\t\t\t\t      data-value=\"173\"\n\t\t\t\t\t\t      data-animation-duration=\"3500\"\n\t\t\t\t\t\t\t  data-style=\"static\">0<\/span>\n\t\t\t\t\t\t+\t\t\t\t\t\t\t\t\t\t\t<\/div>\n\n\t\t\t\t\t<h3 class=\"funfact-title\">Successfully Project Finished<\/h3>\t\t\t\t\t\t\t\t<\/div>\n\t\t<\/div>\n\t\t<\/div>\n\n\n\t\t<\/div>\t\t\t\t<\/div>\n\t\t\t\t<\/div>\n\t\t\t\t\t<\/div>\n\t\t<\/div>\n\t\t\t\t<div class=\"elementor-column elementor-col-50 elementor-inner-column elementor-element elementor-element-1e9ad2d5\" data-id=\"1e9ad2d5\" data-element_type=\"column\" data-e-type=\"column\">\n\t\t\t<div class=\"elementor-widget-wrap elementor-element-populated\">\n\t\t\t\t\t\t<div class=\"elementor-element elementor-element-697006c3 elementor-widget elementor-widget-elementskit-funfact\" data-id=\"697006c3\" data-element_type=\"widget\" data-e-type=\"widget\" data-widget_type=\"elementskit-funfact.default\">\n\t\t\t\t<div class=\"elementor-widget-container\">\n\t\t\t\t\t<div class=\"ekit-wid-con\" >\n\t\t<div class=\"elementskit-funfact text-left\">\n\t\t\t\n\t\t\t<div class=\"elementskit-funfact-inner\">\n\t\t\t\t\t\t\t\t\n\t\t\t\t<div class=\"funfact-content\">\n\t\t\t\t\t<div class=\"number-percentage-wraper\">\n\t\t\t\t\t\t\t\t\t\t\t\t<span class=\"number-percentage\"\n\t\t\t\t\t\t      data-value=\"29\"\n\t\t\t\t\t\t      data-animation-duration=\"3500\"\n\t\t\t\t\t\t\t  data-style=\"static\">0<\/span>\n\t\t\t\t\t\t+\t\t\t\t\t\t\t\t\t\t\t<\/div>\n\n\t\t\t\t\t<h3 class=\"funfact-title\">Year of experience<\/h3>\t\t\t\t\t\t\t\t<\/div>\n\t\t<\/div>\n\t\t<\/div>\n\n\n\t\t<\/div>\t\t\t\t<\/div>\n\t\t\t\t<\/div>\n\t\t\t\t\t<\/div>\n\t\t<\/div>\n\t\t\t\t\t<\/div>\n\t\t<\/section>\n\t\t\t\t<section class=\"elementor-section elementor-inner-section elementor-element elementor-element-cd83c6a elementor-section-boxed elementor-section-height-default elementor-section-height-default\" data-id=\"cd83c6a\" data-element_type=\"section\" data-e-type=\"section\">\n\t\t\t\t\t\t<div class=\"elementor-container elementor-column-gap-no\">\n\t\t\t\t\t<div class=\"elementor-column elementor-col-50 elementor-inner-column elementor-element elementor-element-ce894d9\" data-id=\"ce894d9\" data-element_type=\"column\" data-e-type=\"column\">\n\t\t\t<div class=\"elementor-widget-wrap elementor-element-populated\">\n\t\t\t\t\t\t<div class=\"elementor-element elementor-element-6b222d2c elementor-widget elementor-widget-elementskit-funfact\" data-id=\"6b222d2c\" data-element_type=\"widget\" data-e-type=\"widget\" data-widget_type=\"elementskit-funfact.default\">\n\t\t\t\t<div class=\"elementor-widget-container\">\n\t\t\t\t\t<div class=\"ekit-wid-con\" >\n\t\t<div class=\"elementskit-funfact text-left\">\n\t\t\t\n\t\t\t<div class=\"elementskit-funfact-inner\">\n\t\t\t\t\t\t\t\t\n\t\t\t\t<div class=\"funfact-content\">\n\t\t\t\t\t<div class=\"number-percentage-wraper\">\n\t\t\t\t\t\t\t\t\t\t\t\t<span class=\"number-percentage\"\n\t\t\t\t\t\t      data-value=\"15\"\n\t\t\t\t\t\t      data-animation-duration=\"3500\"\n\t\t\t\t\t\t\t  data-style=\"static\">0<\/span>\n\t\t\t\t\t\t+\t\t\t\t\t\t\t\t\t\t\t<\/div>\n\n\t\t\t\t\t<h3 class=\"funfact-title\">Industries<\/h3>\t\t\t\t\t\t\t\t<\/div>\n\t\t<\/div>\n\t\t<\/div>\n\n\n\t\t<\/div>\t\t\t\t<\/div>\n\t\t\t\t<\/div>\n\t\t\t\t\t<\/div>\n\t\t<\/div>\n\t\t\t\t<div class=\"elementor-column elementor-col-50 elementor-inner-column elementor-element elementor-element-150d01a7\" data-id=\"150d01a7\" data-element_type=\"column\" data-e-type=\"column\">\n\t\t\t<div class=\"elementor-widget-wrap elementor-element-populated\">\n\t\t\t\t\t\t<div class=\"elementor-element elementor-element-5d2dbe2f elementor-widget elementor-widget-elementskit-funfact\" data-id=\"5d2dbe2f\" data-element_type=\"widget\" data-e-type=\"widget\" data-widget_type=\"elementskit-funfact.default\">\n\t\t\t\t<div class=\"elementor-widget-container\">\n\t\t\t\t\t<div class=\"ekit-wid-con\" >\n\t\t<div class=\"elementskit-funfact text-left\">\n\t\t\t\n\t\t\t<div class=\"elementskit-funfact-inner\">\n\t\t\t\t\t\t\t\t\n\t\t\t\t<div class=\"funfact-content\">\n\t\t\t\t\t<div class=\"number-percentage-wraper\">\n\t\t\t\t\t\t\t\t\t\t\t\t<span class=\"number-percentage\"\n\t\t\t\t\t\t      data-value=\"2930\"\n\t\t\t\t\t\t      data-animation-duration=\"3500\"\n\t\t\t\t\t\t\t  data-style=\"static\">0<\/span>\n\t\t\t\t\t\tM\t\t\t\t\t\t\t\t\t\t\t<\/div>\n\n\t\t\t\t\t<h3 class=\"funfact-title\">Clipse<\/h3>\t\t\t\t\t\t\t\t<\/div>\n\t\t<\/div>\n\t\t<\/div>\n\n\n\t\t<\/div>\t\t\t\t<\/div>\n\t\t\t\t<\/div>\n\t\t\t\t\t<\/div>\n\t\t<\/div>\n\t\t\t\t\t<\/div>\n\t\t<\/section>\n\t\t\t\t\t<\/div>\n\t\t<\/div>\n\t\t\t\t\t<\/div>\n\t\t<\/section>\n\t\t\t\t<\/div>","protected":false},"excerpt":{"rendered":"<p>#Strong We Build Your Clips Ob Clips in Streifen, Endlosclips, auf Rollen oder auf verschiedenen Kunststoffspulen Wir liefern Ihnen praktisch alle auf dem Markt verf\u00fcgbaren Aluminiumclips.\u00a0 Our Proud 25 Years of Experience Bei uns werden nur Materialien von h\u00f6chster Qualit\u00e4t eingesetzt. Das hochwertige Erscheinungsbild entspricht den Anspr\u00fcchen von kleinen Traditionsbetrieben bis hin zu multinationalen Konzernen [&hellip;]<\/p>\n","protected":false},"author":1,"featured_media":2682,"parent":2627,"menu_order":0,"comment_status":"closed","ping_status":"closed","template":"elementor_header_footer","meta":{"smbp_social_media_block_plugin_url":"","_joinchat":[],"footnotes":""},"class_list":["post-2429","page","type-page","status-publish","has-post-thumbnail","hentry"],"yoast_head":"<!-- This site is optimized with the Yoast SEO plugin v27.5 - https:\/\/yoast.com\/product\/yoast-seo-wordpress\/ -->\n<title>Clips - Technik Service S\u00fcd<\/title>\n<meta name=\"robots\" content=\"index, follow, max-snippet:-1, max-image-preview:large, max-video-preview:-1\" \/>\n<link rel=\"canonical\" href=\"https:\/\/www.tss-24.com\/en\/verbrauchsmaterialien\/clips\/\" \/>\n<meta property=\"og:locale\" content=\"en_US\" \/>\n<meta property=\"og:type\" content=\"article\" \/>\n<meta property=\"og:title\" content=\"Clips - Technik Service S\u00fcd\" \/>\n<meta property=\"og:description\" content=\"#Strong We Build Your Clips Ob Clips in Streifen, Endlosclips, auf Rollen oder auf verschiedenen Kunststoffspulen Wir liefern Ihnen praktisch alle auf dem Markt verf\u00fcgbaren Aluminiumclips.\u00a0 Our Proud 25 Years of Experience Bei uns werden nur Materialien von h\u00f6chster Qualit\u00e4t eingesetzt. Das hochwertige Erscheinungsbild entspricht den Anspr\u00fcchen von kleinen Traditionsbetrieben bis hin zu multinationalen Konzernen [&hellip;]\" \/>\n<meta property=\"og:url\" content=\"https:\/\/www.tss-24.com\/en\/verbrauchsmaterialien\/clips\/\" \/>\n<meta property=\"og:site_name\" content=\"Technik Service S\u00fcd\" \/>\n<meta property=\"article:publisher\" content=\"https:\/\/www.facebook.com\/TSS-Technik-Service-S%c3%bcd-105498274132523\/\" \/>\n<meta property=\"article:modified_time\" content=\"2022-02-18T15:43:49+00:00\" \/>\n<meta property=\"og:image\" content=\"https:\/\/www.tss-24.com\/wp-content\/uploads\/2022\/01\/clips-hersteller.jpg\" \/>\n\t<meta property=\"og:image:width\" content=\"500\" \/>\n\t<meta property=\"og:image:height\" content=\"300\" \/>\n\t<meta property=\"og:image:type\" content=\"image\/jpeg\" \/>\n<meta name=\"twitter:card\" content=\"summary_large_image\" \/>\n<meta name=\"twitter:label1\" content=\"Est. reading time\" \/>\n\t<meta name=\"twitter:data1\" content=\"1 minute\" \/>\n<script type=\"application\/ld+json\" class=\"yoast-schema-graph\">{\"@context\":\"https:\\\/\\\/schema.org\",\"@graph\":[{\"@type\":\"WebPage\",\"@id\":\"https:\\\/\\\/www.tss-24.com\\\/en\\\/verbrauchsmaterialien\\\/clips\\\/\",\"url\":\"https:\\\/\\\/www.tss-24.com\\\/en\\\/verbrauchsmaterialien\\\/clips\\\/\",\"name\":\"Clips - Technik Service S\u00fcd\",\"isPartOf\":{\"@id\":\"https:\\\/\\\/www.tss-24.com\\\/#website\"},\"primaryImageOfPage\":{\"@id\":\"https:\\\/\\\/www.tss-24.com\\\/en\\\/verbrauchsmaterialien\\\/clips\\\/#primaryimage\"},\"image\":{\"@id\":\"https:\\\/\\\/www.tss-24.com\\\/en\\\/verbrauchsmaterialien\\\/clips\\\/#primaryimage\"},\"thumbnailUrl\":\"https:\\\/\\\/www.tss-24.com\\\/wp-content\\\/uploads\\\/2022\\\/01\\\/clips-hersteller.jpg\",\"datePublished\":\"2022-01-25T20:26:32+00:00\",\"dateModified\":\"2022-02-18T15:43:49+00:00\",\"breadcrumb\":{\"@id\":\"https:\\\/\\\/www.tss-24.com\\\/en\\\/verbrauchsmaterialien\\\/clips\\\/#breadcrumb\"},\"inLanguage\":\"en-US\",\"potentialAction\":[{\"@type\":\"ReadAction\",\"target\":[\"https:\\\/\\\/www.tss-24.com\\\/en\\\/verbrauchsmaterialien\\\/clips\\\/\"]}]},{\"@type\":\"ImageObject\",\"inLanguage\":\"en-US\",\"@id\":\"https:\\\/\\\/www.tss-24.com\\\/en\\\/verbrauchsmaterialien\\\/clips\\\/#primaryimage\",\"url\":\"https:\\\/\\\/www.tss-24.com\\\/wp-content\\\/uploads\\\/2022\\\/01\\\/clips-hersteller.jpg\",\"contentUrl\":\"https:\\\/\\\/www.tss-24.com\\\/wp-content\\\/uploads\\\/2022\\\/01\\\/clips-hersteller.jpg\",\"width\":500,\"height\":300},{\"@type\":\"BreadcrumbList\",\"@id\":\"https:\\\/\\\/www.tss-24.com\\\/en\\\/verbrauchsmaterialien\\\/clips\\\/#breadcrumb\",\"itemListElement\":[{\"@type\":\"ListItem\",\"position\":1,\"name\":\"Startseite\",\"item\":\"https:\\\/\\\/www.tss-24.com\\\/\"},{\"@type\":\"ListItem\",\"position\":2,\"name\":\"Verbrauchsmaterialien\",\"item\":\"https:\\\/\\\/www.tss-24.com\\\/en\\\/verbrauchsmaterialien\\\/\"},{\"@type\":\"ListItem\",\"position\":3,\"name\":\"Clips\"}]},{\"@type\":\"WebSite\",\"@id\":\"https:\\\/\\\/www.tss-24.com\\\/#website\",\"url\":\"https:\\\/\\\/www.tss-24.com\\\/\",\"name\":\"Technik Service S\u00fcd\",\"description\":\"Your Health is your wealth\",\"publisher\":{\"@id\":\"https:\\\/\\\/www.tss-24.com\\\/#organization\"},\"potentialAction\":[{\"@type\":\"SearchAction\",\"target\":{\"@type\":\"EntryPoint\",\"urlTemplate\":\"https:\\\/\\\/www.tss-24.com\\\/?s={search_term_string}\"},\"query-input\":{\"@type\":\"PropertyValueSpecification\",\"valueRequired\":true,\"valueName\":\"search_term_string\"}}],\"inLanguage\":\"en-US\"},{\"@type\":\"Organization\",\"@id\":\"https:\\\/\\\/www.tss-24.com\\\/#organization\",\"name\":\"Technik Service S\u00fcd Frank Klinzmann\",\"url\":\"https:\\\/\\\/www.tss-24.com\\\/\",\"logo\":{\"@type\":\"ImageObject\",\"inLanguage\":\"en-US\",\"@id\":\"https:\\\/\\\/www.tss-24.com\\\/#\\\/schema\\\/logo\\\/image\\\/\",\"url\":\"https:\\\/\\\/www.tss-24.com\\\/wp-content\\\/uploads\\\/2020\\\/12\\\/tsslogooldsilvertrans.png\",\"contentUrl\":\"https:\\\/\\\/www.tss-24.com\\\/wp-content\\\/uploads\\\/2020\\\/12\\\/tsslogooldsilvertrans.png\",\"width\":3142,\"height\":738,\"caption\":\"Technik Service S\u00fcd Frank Klinzmann\"},\"image\":{\"@id\":\"https:\\\/\\\/www.tss-24.com\\\/#\\\/schema\\\/logo\\\/image\\\/\"},\"sameAs\":[\"https:\\\/\\\/www.facebook.com\\\/TSS-Technik-Service-S\u00fcd-105498274132523\\\/\",\"https:\\\/\\\/www.linkedin.com\\\/in\\\/frank-klinzmann-852b4aa9\\\/\",\"https:\\\/\\\/www.youtube.com\\\/channel\\\/UCRaWEa29BpSjjkrk6YTwlYg\"]}]}<\/script>\n<!-- \/ Yoast SEO plugin. -->","yoast_head_json":{"title":"Clips - Technik Service S\u00fcd","robots":{"index":"index","follow":"follow","max-snippet":"max-snippet:-1","max-image-preview":"max-image-preview:large","max-video-preview":"max-video-preview:-1"},"canonical":"https:\/\/www.tss-24.com\/en\/verbrauchsmaterialien\/clips\/","og_locale":"en_US","og_type":"article","og_title":"Clips - Technik Service S\u00fcd","og_description":"#Strong We Build Your Clips Ob Clips in Streifen, Endlosclips, auf Rollen oder auf verschiedenen Kunststoffspulen Wir liefern Ihnen praktisch alle auf dem Markt verf\u00fcgbaren Aluminiumclips.\u00a0 Our Proud 25 Years of Experience Bei uns werden nur Materialien von h\u00f6chster Qualit\u00e4t eingesetzt. Das hochwertige Erscheinungsbild entspricht den Anspr\u00fcchen von kleinen Traditionsbetrieben bis hin zu multinationalen Konzernen [&hellip;]","og_url":"https:\/\/www.tss-24.com\/en\/verbrauchsmaterialien\/clips\/","og_site_name":"Technik Service S\u00fcd","article_publisher":"https:\/\/www.facebook.com\/TSS-Technik-Service-S%c3%bcd-105498274132523\/","article_modified_time":"2022-02-18T15:43:49+00:00","og_image":[{"width":500,"height":300,"url":"https:\/\/www.tss-24.com\/wp-content\/uploads\/2022\/01\/clips-hersteller.jpg","type":"image\/jpeg"}],"twitter_card":"summary_large_image","twitter_misc":{"Est. reading time":"1 minute"},"schema":{"@context":"https:\/\/schema.org","@graph":[{"@type":"WebPage","@id":"https:\/\/www.tss-24.com\/en\/verbrauchsmaterialien\/clips\/","url":"https:\/\/www.tss-24.com\/en\/verbrauchsmaterialien\/clips\/","name":"Clips - Technik Service S\u00fcd","isPartOf":{"@id":"https:\/\/www.tss-24.com\/#website"},"primaryImageOfPage":{"@id":"https:\/\/www.tss-24.com\/en\/verbrauchsmaterialien\/clips\/#primaryimage"},"image":{"@id":"https:\/\/www.tss-24.com\/en\/verbrauchsmaterialien\/clips\/#primaryimage"},"thumbnailUrl":"https:\/\/www.tss-24.com\/wp-content\/uploads\/2022\/01\/clips-hersteller.jpg","datePublished":"2022-01-25T20:26:32+00:00","dateModified":"2022-02-18T15:43:49+00:00","breadcrumb":{"@id":"https:\/\/www.tss-24.com\/en\/verbrauchsmaterialien\/clips\/#breadcrumb"},"inLanguage":"en-US","potentialAction":[{"@type":"ReadAction","target":["https:\/\/www.tss-24.com\/en\/verbrauchsmaterialien\/clips\/"]}]},{"@type":"ImageObject","inLanguage":"en-US","@id":"https:\/\/www.tss-24.com\/en\/verbrauchsmaterialien\/clips\/#primaryimage","url":"https:\/\/www.tss-24.com\/wp-content\/uploads\/2022\/01\/clips-hersteller.jpg","contentUrl":"https:\/\/www.tss-24.com\/wp-content\/uploads\/2022\/01\/clips-hersteller.jpg","width":500,"height":300},{"@type":"BreadcrumbList","@id":"https:\/\/www.tss-24.com\/en\/verbrauchsmaterialien\/clips\/#breadcrumb","itemListElement":[{"@type":"ListItem","position":1,"name":"Startseite","item":"https:\/\/www.tss-24.com\/"},{"@type":"ListItem","position":2,"name":"Verbrauchsmaterialien","item":"https:\/\/www.tss-24.com\/en\/verbrauchsmaterialien\/"},{"@type":"ListItem","position":3,"name":"Clips"}]},{"@type":"WebSite","@id":"https:\/\/www.tss-24.com\/#website","url":"https:\/\/www.tss-24.com\/","name":"Technik Service S\u00fcd","description":"Your Health is your wealth","publisher":{"@id":"https:\/\/www.tss-24.com\/#organization"},"potentialAction":[{"@type":"SearchAction","target":{"@type":"EntryPoint","urlTemplate":"https:\/\/www.tss-24.com\/?s={search_term_string}"},"query-input":{"@type":"PropertyValueSpecification","valueRequired":true,"valueName":"search_term_string"}}],"inLanguage":"en-US"},{"@type":"Organization","@id":"https:\/\/www.tss-24.com\/#organization","name":"Technik Service S\u00fcd Frank Klinzmann","url":"https:\/\/www.tss-24.com\/","logo":{"@type":"ImageObject","inLanguage":"en-US","@id":"https:\/\/www.tss-24.com\/#\/schema\/logo\/image\/","url":"https:\/\/www.tss-24.com\/wp-content\/uploads\/2020\/12\/tsslogooldsilvertrans.png","contentUrl":"https:\/\/www.tss-24.com\/wp-content\/uploads\/2020\/12\/tsslogooldsilvertrans.png","width":3142,"height":738,"caption":"Technik Service S\u00fcd Frank Klinzmann"},"image":{"@id":"https:\/\/www.tss-24.com\/#\/schema\/logo\/image\/"},"sameAs":["https:\/\/www.facebook.com\/TSS-Technik-Service-S\u00fcd-105498274132523\/","https:\/\/www.linkedin.com\/in\/frank-klinzmann-852b4aa9\/","https:\/\/www.youtube.com\/channel\/UCRaWEa29BpSjjkrk6YTwlYg"]}]}},"_links":{"self":[{"href":"https:\/\/www.tss-24.com\/en\/wp-json\/wp\/v2\/pages\/2429","targetHints":{"allow":["GET"]}}],"collection":[{"href":"https:\/\/www.tss-24.com\/en\/wp-json\/wp\/v2\/pages"}],"about":[{"href":"https:\/\/www.tss-24.com\/en\/wp-json\/wp\/v2\/types\/page"}],"author":[{"embeddable":true,"href":"https:\/\/www.tss-24.com\/en\/wp-json\/wp\/v2\/users\/1"}],"replies":[{"embeddable":true,"href":"https:\/\/www.tss-24.com\/en\/wp-json\/wp\/v2\/comments?post=2429"}],"version-history":[{"count":28,"href":"https:\/\/www.tss-24.com\/en\/wp-json\/wp\/v2\/pages\/2429\/revisions"}],"predecessor-version":[{"id":3162,"href":"https:\/\/www.tss-24.com\/en\/wp-json\/wp\/v2\/pages\/2429\/revisions\/3162"}],"up":[{"embeddable":true,"href":"https:\/\/www.tss-24.com\/en\/wp-json\/wp\/v2\/pages\/2627"}],"wp:featuredmedia":[{"embeddable":true,"href":"https:\/\/www.tss-24.com\/en\/wp-json\/wp\/v2\/media\/2682"}],"wp:attachment":[{"href":"https:\/\/www.tss-24.com\/en\/wp-json\/wp\/v2\/media?parent=2429"}],"curies":[{"name":"wp","href":"https:\/\/api.w.org\/{rel}","templated":true}]}}