{"id":2459,"date":"2022-01-25T20:26:33","date_gmt":"2022-01-25T20:26:33","guid":{"rendered":"https:\/\/www.tss-24.com\/?page_id=2459"},"modified":"2025-05-30T18:25:49","modified_gmt":"2025-05-30T16:25:49","slug":"federsysteme","status":"publish","type":"page","link":"https:\/\/www.tss-24.com\/fr\/federsysteme\/","title":{"rendered":"Federsysteme"},"content":{"rendered":"<div data-elementor-type=\"wp-page\" data-elementor-id=\"2459\" class=\"elementor elementor-2459\">\n\t\t\t\t\t\t<section class=\"elementor-section elementor-top-section elementor-element elementor-element-6d6e92e elementor-section-boxed elementor-section-height-default elementor-section-height-default\" data-id=\"6d6e92e\" data-element_type=\"section\" data-e-type=\"section\">\n\t\t\t\t\t\t<div class=\"elementor-container elementor-column-gap-default\">\n\t\t\t\t\t<div class=\"elementor-column elementor-col-100 elementor-top-column elementor-element elementor-element-623aff6\" data-id=\"623aff6\" data-element_type=\"column\" data-e-type=\"column\">\n\t\t\t<div class=\"elementor-widget-wrap elementor-element-populated\">\n\t\t\t\t\t\t<div class=\"elementor-element elementor-element-ac40488 eael-dual-header-content-align-center elementor-widget elementor-widget-eael-dual-color-header\" data-id=\"ac40488\" data-element_type=\"widget\" data-e-type=\"widget\" data-widget_type=\"eael-dual-color-header.default\">\n\t\t\t\t<div class=\"elementor-widget-container\">\n\t\t\t\t\t\t\t\t<div class=\"eael-dual-header\">\n\t\t\t\t<h2 class=\"title eael-dch-title\"><span class=\"eael-dch-title-text eael-dch-title-lead lead solid-color\">Federsysteme<\/span> <span class=\"eael-dch-title-text\">Spring Force Systems<\/span><\/h2>\t\t\t<\/div>\n\n\t\t\t\t\t\t<\/div>\n\t\t\t\t<\/div>\n\t\t\t\t\t<\/div>\n\t\t<\/div>\n\t\t\t\t\t<\/div>\n\t\t<\/section>\n\t\t\t\t<section class=\"elementor-section elementor-top-section elementor-element elementor-element-6778243 elementor-section-boxed elementor-section-height-default elementor-section-height-default\" data-id=\"6778243\" data-element_type=\"section\" data-e-type=\"section\">\n\t\t\t\t\t\t<div class=\"elementor-container elementor-column-gap-default\">\n\t\t\t\t\t<div class=\"elementor-column elementor-col-100 elementor-top-column elementor-element elementor-element-75d29bd\" data-id=\"75d29bd\" data-element_type=\"column\" data-e-type=\"column\">\n\t\t\t<div class=\"elementor-widget-wrap\">\n\t\t\t\t\t\t\t<\/div>\n\t\t<\/div>\n\t\t\t\t\t<\/div>\n\t\t<\/section>\n\t\t\t\t<section class=\"elementor-section elementor-top-section elementor-element elementor-element-38ce5aa elementor-section-boxed elementor-section-height-default elementor-section-height-default\" data-id=\"38ce5aa\" data-element_type=\"section\" data-e-type=\"section\">\n\t\t\t\t\t\t<div class=\"elementor-container elementor-column-gap-default\">\n\t\t\t\t\t<div class=\"elementor-column elementor-col-66 elementor-top-column elementor-element elementor-element-9dca368\" data-id=\"9dca368\" data-element_type=\"column\" data-e-type=\"column\">\n\t\t\t<div class=\"elementor-widget-wrap elementor-element-populated\">\n\t\t\t\t\t\t<div class=\"elementor-element elementor-element-6e7adf4 elementor-widget elementor-widget-spacer\" data-id=\"6e7adf4\" data-element_type=\"widget\" data-e-type=\"widget\" data-widget_type=\"spacer.default\">\n\t\t\t\t<div class=\"elementor-widget-container\">\n\t\t\t\t\t\t\t<div class=\"elementor-spacer\">\n\t\t\t<div class=\"elementor-spacer-inner\"><\/div>\n\t\t<\/div>\n\t\t\t\t\t\t<\/div>\n\t\t\t\t<\/div>\n\t\t\t\t<div class=\"elementor-element elementor-element-628d42a elementor-widget elementor-widget-text-editor\" data-id=\"628d42a\" data-element_type=\"widget\" data-e-type=\"widget\" data-widget_type=\"text-editor.default\">\n\t\t\t\t<div class=\"elementor-widget-container\">\n\t\t\t\t\t\t\t\t\t<h5><span style=\"font-weight: normal;\">Unsere Federsysteme <\/span><span style=\"color: var( --e-global-color-text ); font-family: var( --e-global-typography-text-font-family ), Sans-serif; text-transform: inherit;\"><span style=\"font-weight: normal;\">f\u00fcr\u00a0<\/span>Industrie\u00a0&amp;\u00a0<\/span><span style=\"color: var( --e-global-color-text ); font-family: var( --e-global-typography-text-font-family ), Sans-serif; text-transform: inherit;\">Logistik<span style=\"font-weight: normal;\">\u00a0<\/span><\/span><span style=\"font-weight: normal; color: var( --e-global-color-text ); font-family: var( --e-global-typography-text-font-family ), Sans-serif; text-transform: inherit;\">vereinfachen ihren Arbeitsablauf und <\/span><span style=\"color: var( --e-global-color-text ); font-family: var( --e-global-typography-text-font-family ), Sans-serif; text-transform: inherit;\">minimieren<\/span><span style=\"font-weight: normal; color: var( --e-global-color-text ); font-family: var( --e-global-typography-text-font-family ), Sans-serif; text-transform: inherit;\"> die t\u00e4gliche <\/span><span style=\"color: var( --e-global-color-text ); font-family: var( --e-global-typography-text-font-family ), Sans-serif; text-transform: inherit;\">k\u00f6rperliche Belastung<\/span><span style=\"font-weight: normal; color: var( --e-global-color-text ); font-family: var( --e-global-typography-text-font-family ), Sans-serif; text-transform: inherit;\"> Ihrer Mitarbeiter.<\/span><\/h5><div><span style=\"font-weight: normal;\"><span style=\"color: var( --e-global-color-text ); font-family: var( --e-global-typography-text-font-family ), Sans-serif; text-transform: inherit;\">\u00a0<\/span><\/span><\/div><p><span style=\"font-weight: normal;\">Wir bieten Ihnen ein Sortiment an <\/span><b>ergonomischen L\u00f6sungen<\/b><span style=\"font-weight: normal;\"> .<\/span><\/p><p><span style=\"color: var( --e-global-color-text ); font-family: var( --e-global-typography-text-font-family ), Sans-serif; text-transform: inherit;\"><b>Federsysteme\u00a0<\/b><\/span>sind ideal f\u00fcr alle Unternehmen die ihre Mitarbeiter <b>Unterst\u00fctzen und Zeit sparen<\/b> wollen.\u00a0<\/p><p><span style=\"font-weight: normal;\">\u00a0Unsere Federsysteme sind leicht in der Handhabung und k\u00f6nnen\u00a0\u00a0in fast allen Bereichen <\/span><b>Arbeitsabl\u00e4ufe optimieren<\/b><span style=\"font-weight: normal;\">\u00a0<\/span><\/p><p><span style=\"color: var( --e-global-color-text ); font-family: var( --e-global-typography-text-font-family ), Sans-serif; text-transform: inherit; font-weight: normal;\">Ideal f\u00fcr mittel bis schwere Lasten f\u00fcr l\u00e4ngeren Transport oder zur Lagerung, <\/span><span style=\"color: var( --e-global-color-text ); font-family: var( --e-global-typography-text-font-family ), Sans-serif; text-transform: inherit;\"><b>Federkraft<\/b><\/span><span style=\"color: var( --e-global-color-text ); font-family: var( --e-global-typography-text-font-family ), Sans-serif; text-transform: inherit; font-weight: normal;\"> ist vielseitig einsetzbar.<\/span><\/p>\t\t\t\t\t\t\t\t<\/div>\n\t\t\t\t<\/div>\n\t\t\t\t<div class=\"elementor-element elementor-element-7877d1c elementor-widget elementor-widget-eael-creative-button\" data-id=\"7877d1c\" data-element_type=\"widget\" data-e-type=\"widget\" data-widget_type=\"eael-creative-button.default\">\n\t\t\t\t<div class=\"elementor-widget-container\">\n\t\t\t\t\t        <div class=\"eael-creative-button-wrapper\">\n\n            <a class=\"eael-creative-button eael-creative-button--rayen eael-cb-icon-position-left\" href=\"https:\/\/www.tss-24.com\/fr\/kontakt\/\" data-text=\"GO! \">\n            \t    \n                <div class=\"creative-button-inner\">\n\n                                            <span class=\"eael-creative-button-icon-left\"><i aria-hidden=\"true\" class=\"far fa-address-book\"><\/i><\/span>                    \n                    <span class=\"cretive-button-text\">Contacter<\/span>\n\n                                    <\/div>\n\t                        <\/a>\n        <\/div>\n        \t\t\t\t<\/div>\n\t\t\t\t<\/div>\n\t\t\t\t\t<\/div>\n\t\t<\/div>\n\t\t\t\t<div class=\"elementor-column elementor-col-33 elementor-top-column elementor-element elementor-element-91e432f\" data-id=\"91e432f\" data-element_type=\"column\" data-e-type=\"column\">\n\t\t\t<div class=\"elementor-widget-wrap elementor-element-populated\">\n\t\t\t\t\t\t<div class=\"elementor-element elementor-element-3b6e7eb elementor-widget elementor-widget-eael-image-accordion\" data-id=\"3b6e7eb\" data-element_type=\"widget\" data-e-type=\"widget\" data-widget_type=\"eael-image-accordion.default\">\n\t\t\t\t<div class=\"elementor-widget-container\">\n\t\t\t\t\t    <div class=\"eael-img-accordion accordion-direction-horizontal eael-img-accordion-horizontal-align-center eael-img-accordion-vertical-align-center\" id=\"eael-img-accordion-3b6e7eb\" data-img-accordion-id=\"3b6e7eb\" data-img-accordion-type=\"on-click\">\n                    \n            <div class=\"eael-image-accordion-hover eael-image-accordion-item overlay-active\" style=\"background-image: url(https:\/\/www.tss-24.com\/wp-content\/uploads\/2022\/01\/Ergo-Rolli-6-Rollen-1.png); flex: 3 1 0%;\"  tabindex=\"0\">\n                <div class=\"overlay\">\n                                        <div class=\"overlay-inner  overlay-inner-show\">\n                        <a href=\"https:\/\/www.tss-24.com\/fr\/produkte\/ssft\/\" target=\"_blank\"><h2 class=\"img-accordion-title\">SSFT<\/h2><\/a>                            <p><p>Single Spring Force Trolley<\/p><\/p>\n                                            <\/div>\n                <\/div>\n            <\/div>\n                    \n            <div class=\"eael-image-accordion-hover eael-image-accordion-item overlay-active\" style=\"background-image: url(https:\/\/www.tss-24.com\/wp-content\/uploads\/2022\/01\/doppleslide-scaled-1.jpg); flex: 3 1 0%;\"  tabindex=\"0\">\n                <div class=\"overlay\">\n                                        <div class=\"overlay-inner  overlay-inner-show\">\n                        <a href=\"https:\/\/www.tss-24.com\/fr\/produkte\/dsft\/\" target=\"_blank\"><h2 class=\"img-accordion-title\">DSFT<\/h2><\/a>                            <p><p>Double Spring Force Trolley<\/p><\/p>\n                                            <\/div>\n                <\/div>\n            <\/div>\n                    \n            <div class=\"eael-image-accordion-hover eael-image-accordion-item overlay-active\" style=\"background-image: url(https:\/\/www.tss-24.com\/wp-content\/uploads\/2022\/01\/IMG-20210301-WA0002.jpg); flex: 3 1 0%;\"  tabindex=\"0\">\n                <div class=\"overlay\">\n                                        <div class=\"overlay-inner  overlay-inner-show\">\n                        <a href=\"https:\/\/www.tss-24.com\/fr\/produkte\/sfps\/\" target=\"_blank\"><h2 class=\"img-accordion-title\">SFPS<\/h2><\/a>                            <p><p>Spring Force Palett System<\/p><\/p>\n                                            <\/div>\n                <\/div>\n            <\/div>\n                <\/div>\n        \t\t\t\t<\/div>\n\t\t\t\t<\/div>\n\t\t\t\t\t<\/div>\n\t\t<\/div>\n\t\t\t\t\t<\/div>\n\t\t<\/section>\n\t\t\t\t<\/div>","protected":false},"excerpt":{"rendered":"<p>Federsysteme Spring Force Systems Unsere Federsysteme f\u00fcr\u00a0Industrie\u00a0&amp;\u00a0Logistik\u00a0vereinfachen ihren Arbeitsablauf und minimieren die t\u00e4gliche k\u00f6rperliche Belastung Ihrer Mitarbeiter. \u00a0 Wir bieten Ihnen ein Sortiment an ergonomischen L\u00f6sungen . Federsysteme\u00a0sind ideal f\u00fcr alle Unternehmen die ihre Mitarbeiter Unterst\u00fctzen und Zeit sparen wollen.\u00a0 \u00a0Unsere Federsysteme sind leicht in der Handhabung und k\u00f6nnen\u00a0\u00a0in fast allen Bereichen Arbeitsabl\u00e4ufe optimieren\u00a0 Ideal [&hellip;]<\/p>\n","protected":false},"author":1,"featured_media":2229,"parent":0,"menu_order":0,"comment_status":"closed","ping_status":"closed","template":"elementor_header_footer","meta":{"smbp_social_media_block_plugin_url":"","_joinchat":[],"footnotes":""},"class_list":["post-2459","page","type-page","status-publish","has-post-thumbnail","hentry"],"yoast_head":"<!-- This site is optimized with the Yoast SEO plugin v27.4 - https:\/\/yoast.com\/product\/yoast-seo-wordpress\/ -->\n<title>Federsysteme - Technik Service S\u00fcd<\/title>\n<meta name=\"description\" content=\"Federsysteme\u00a0von Technik Service S\u00fcd sind ideal f\u00fcr alle Unternehmen die ihre Mitarbeiter Unterst\u00fctzen und Zeit sparen wollen.\u00a0\" \/>\n<meta name=\"robots\" content=\"index, follow, max-snippet:-1, max-image-preview:large, max-video-preview:-1\" \/>\n<link rel=\"canonical\" href=\"https:\/\/www.tss-24.com\/fr\/federsysteme\/\" \/>\n<meta property=\"og:locale\" content=\"fr_FR\" \/>\n<meta property=\"og:type\" content=\"article\" \/>\n<meta property=\"og:title\" content=\"Federsysteme - Technik Service S\u00fcd\" \/>\n<meta property=\"og:description\" content=\"Federsysteme\u00a0von Technik Service S\u00fcd sind ideal f\u00fcr alle Unternehmen die ihre Mitarbeiter Unterst\u00fctzen und Zeit sparen wollen.\u00a0\" \/>\n<meta property=\"og:url\" content=\"https:\/\/www.tss-24.com\/fr\/federsysteme\/\" \/>\n<meta property=\"og:site_name\" content=\"Technik Service S\u00fcd\" \/>\n<meta property=\"article:publisher\" content=\"https:\/\/www.facebook.com\/TSS-Technik-Service-S%c3%bcd-105498274132523\/\" \/>\n<meta property=\"article:modified_time\" content=\"2025-05-30T16:25:49+00:00\" \/>\n<meta property=\"og:image\" content=\"https:\/\/www.tss-24.com\/wp-content\/uploads\/2022\/01\/IMG-20210504-WA0003.jpg\" \/>\n\t<meta property=\"og:image:width\" content=\"756\" \/>\n\t<meta property=\"og:image:height\" content=\"1008\" \/>\n\t<meta property=\"og:image:type\" content=\"image\/jpeg\" \/>\n<meta name=\"twitter:card\" content=\"summary_large_image\" \/>\n<meta name=\"twitter:label1\" content=\"Dur\u00e9e de lecture estim\u00e9e\" \/>\n\t<meta name=\"twitter:data1\" content=\"1 minute\" \/>\n<script type=\"application\/ld+json\" class=\"yoast-schema-graph\">{\"@context\":\"https:\\\/\\\/schema.org\",\"@graph\":[{\"@type\":\"WebPage\",\"@id\":\"https:\\\/\\\/www.tss-24.com\\\/federsysteme\\\/\",\"url\":\"https:\\\/\\\/www.tss-24.com\\\/federsysteme\\\/\",\"name\":\"Federsysteme - Technik Service S\u00fcd\",\"isPartOf\":{\"@id\":\"https:\\\/\\\/www.tss-24.com\\\/#website\"},\"primaryImageOfPage\":{\"@id\":\"https:\\\/\\\/www.tss-24.com\\\/federsysteme\\\/#primaryimage\"},\"image\":{\"@id\":\"https:\\\/\\\/www.tss-24.com\\\/federsysteme\\\/#primaryimage\"},\"thumbnailUrl\":\"https:\\\/\\\/www.tss-24.com\\\/wp-content\\\/uploads\\\/2022\\\/01\\\/IMG-20210504-WA0003.jpg\",\"datePublished\":\"2022-01-25T20:26:33+00:00\",\"dateModified\":\"2025-05-30T16:25:49+00:00\",\"description\":\"Federsysteme\u00a0von Technik Service S\u00fcd sind ideal f\u00fcr alle Unternehmen die ihre Mitarbeiter Unterst\u00fctzen und Zeit sparen wollen.\u00a0\",\"breadcrumb\":{\"@id\":\"https:\\\/\\\/www.tss-24.com\\\/federsysteme\\\/#breadcrumb\"},\"inLanguage\":\"fr-FR\",\"potentialAction\":[{\"@type\":\"ReadAction\",\"target\":[\"https:\\\/\\\/www.tss-24.com\\\/federsysteme\\\/\"]}]},{\"@type\":\"ImageObject\",\"inLanguage\":\"fr-FR\",\"@id\":\"https:\\\/\\\/www.tss-24.com\\\/federsysteme\\\/#primaryimage\",\"url\":\"https:\\\/\\\/www.tss-24.com\\\/wp-content\\\/uploads\\\/2022\\\/01\\\/IMG-20210504-WA0003.jpg\",\"contentUrl\":\"https:\\\/\\\/www.tss-24.com\\\/wp-content\\\/uploads\\\/2022\\\/01\\\/IMG-20210504-WA0003.jpg\",\"width\":756,\"height\":1008},{\"@type\":\"BreadcrumbList\",\"@id\":\"https:\\\/\\\/www.tss-24.com\\\/federsysteme\\\/#breadcrumb\",\"itemListElement\":[{\"@type\":\"ListItem\",\"position\":1,\"name\":\"Startseite\",\"item\":\"https:\\\/\\\/www.tss-24.com\\\/\"},{\"@type\":\"ListItem\",\"position\":2,\"name\":\"Federsysteme\"}]},{\"@type\":\"WebSite\",\"@id\":\"https:\\\/\\\/www.tss-24.com\\\/#website\",\"url\":\"https:\\\/\\\/www.tss-24.com\\\/\",\"name\":\"Technik Service S\u00fcd\",\"description\":\"Your Health is your wealth\",\"publisher\":{\"@id\":\"https:\\\/\\\/www.tss-24.com\\\/#organization\"},\"potentialAction\":[{\"@type\":\"SearchAction\",\"target\":{\"@type\":\"EntryPoint\",\"urlTemplate\":\"https:\\\/\\\/www.tss-24.com\\\/?s={search_term_string}\"},\"query-input\":{\"@type\":\"PropertyValueSpecification\",\"valueRequired\":true,\"valueName\":\"search_term_string\"}}],\"inLanguage\":\"fr-FR\"},{\"@type\":\"Organization\",\"@id\":\"https:\\\/\\\/www.tss-24.com\\\/#organization\",\"name\":\"Technik Service S\u00fcd Frank Klinzmann\",\"url\":\"https:\\\/\\\/www.tss-24.com\\\/\",\"logo\":{\"@type\":\"ImageObject\",\"inLanguage\":\"fr-FR\",\"@id\":\"https:\\\/\\\/www.tss-24.com\\\/#\\\/schema\\\/logo\\\/image\\\/\",\"url\":\"https:\\\/\\\/www.tss-24.com\\\/wp-content\\\/uploads\\\/2020\\\/12\\\/tsslogooldsilvertrans.png\",\"contentUrl\":\"https:\\\/\\\/www.tss-24.com\\\/wp-content\\\/uploads\\\/2020\\\/12\\\/tsslogooldsilvertrans.png\",\"width\":3142,\"height\":738,\"caption\":\"Technik Service S\u00fcd Frank Klinzmann\"},\"image\":{\"@id\":\"https:\\\/\\\/www.tss-24.com\\\/#\\\/schema\\\/logo\\\/image\\\/\"},\"sameAs\":[\"https:\\\/\\\/www.facebook.com\\\/TSS-Technik-Service-S\u00fcd-105498274132523\\\/\",\"https:\\\/\\\/www.linkedin.com\\\/in\\\/frank-klinzmann-852b4aa9\\\/\",\"https:\\\/\\\/www.youtube.com\\\/channel\\\/UCRaWEa29BpSjjkrk6YTwlYg\"]}]}<\/script>\n<!-- \/ Yoast SEO plugin. -->","yoast_head_json":{"title":"Federsysteme - Technik Service S\u00fcd","description":"Federsysteme\u00a0von Technik Service S\u00fcd sind ideal f\u00fcr alle Unternehmen die ihre Mitarbeiter Unterst\u00fctzen und Zeit sparen wollen.\u00a0","robots":{"index":"index","follow":"follow","max-snippet":"max-snippet:-1","max-image-preview":"max-image-preview:large","max-video-preview":"max-video-preview:-1"},"canonical":"https:\/\/www.tss-24.com\/fr\/federsysteme\/","og_locale":"fr_FR","og_type":"article","og_title":"Federsysteme - Technik Service S\u00fcd","og_description":"Federsysteme\u00a0von Technik Service S\u00fcd sind ideal f\u00fcr alle Unternehmen die ihre Mitarbeiter Unterst\u00fctzen und Zeit sparen wollen.\u00a0","og_url":"https:\/\/www.tss-24.com\/fr\/federsysteme\/","og_site_name":"Technik Service S\u00fcd","article_publisher":"https:\/\/www.facebook.com\/TSS-Technik-Service-S%c3%bcd-105498274132523\/","article_modified_time":"2025-05-30T16:25:49+00:00","og_image":[{"width":756,"height":1008,"url":"https:\/\/www.tss-24.com\/wp-content\/uploads\/2022\/01\/IMG-20210504-WA0003.jpg","type":"image\/jpeg"}],"twitter_card":"summary_large_image","twitter_misc":{"Dur\u00e9e de lecture estim\u00e9e":"1 minute"},"schema":{"@context":"https:\/\/schema.org","@graph":[{"@type":"WebPage","@id":"https:\/\/www.tss-24.com\/federsysteme\/","url":"https:\/\/www.tss-24.com\/federsysteme\/","name":"Federsysteme - Technik Service S\u00fcd","isPartOf":{"@id":"https:\/\/www.tss-24.com\/#website"},"primaryImageOfPage":{"@id":"https:\/\/www.tss-24.com\/federsysteme\/#primaryimage"},"image":{"@id":"https:\/\/www.tss-24.com\/federsysteme\/#primaryimage"},"thumbnailUrl":"https:\/\/www.tss-24.com\/wp-content\/uploads\/2022\/01\/IMG-20210504-WA0003.jpg","datePublished":"2022-01-25T20:26:33+00:00","dateModified":"2025-05-30T16:25:49+00:00","description":"Federsysteme\u00a0von Technik Service S\u00fcd sind ideal f\u00fcr alle Unternehmen die ihre Mitarbeiter Unterst\u00fctzen und Zeit sparen wollen.\u00a0","breadcrumb":{"@id":"https:\/\/www.tss-24.com\/federsysteme\/#breadcrumb"},"inLanguage":"fr-FR","potentialAction":[{"@type":"ReadAction","target":["https:\/\/www.tss-24.com\/federsysteme\/"]}]},{"@type":"ImageObject","inLanguage":"fr-FR","@id":"https:\/\/www.tss-24.com\/federsysteme\/#primaryimage","url":"https:\/\/www.tss-24.com\/wp-content\/uploads\/2022\/01\/IMG-20210504-WA0003.jpg","contentUrl":"https:\/\/www.tss-24.com\/wp-content\/uploads\/2022\/01\/IMG-20210504-WA0003.jpg","width":756,"height":1008},{"@type":"BreadcrumbList","@id":"https:\/\/www.tss-24.com\/federsysteme\/#breadcrumb","itemListElement":[{"@type":"ListItem","position":1,"name":"Startseite","item":"https:\/\/www.tss-24.com\/"},{"@type":"ListItem","position":2,"name":"Federsysteme"}]},{"@type":"WebSite","@id":"https:\/\/www.tss-24.com\/#website","url":"https:\/\/www.tss-24.com\/","name":"Technik Service S\u00fcd","description":"Your Health is your wealth","publisher":{"@id":"https:\/\/www.tss-24.com\/#organization"},"potentialAction":[{"@type":"SearchAction","target":{"@type":"EntryPoint","urlTemplate":"https:\/\/www.tss-24.com\/?s={search_term_string}"},"query-input":{"@type":"PropertyValueSpecification","valueRequired":true,"valueName":"search_term_string"}}],"inLanguage":"fr-FR"},{"@type":"Organization","@id":"https:\/\/www.tss-24.com\/#organization","name":"Service technique S\u00fcd Frank Klinzmann","url":"https:\/\/www.tss-24.com\/","logo":{"@type":"ImageObject","inLanguage":"fr-FR","@id":"https:\/\/www.tss-24.com\/#\/schema\/logo\/image\/","url":"https:\/\/www.tss-24.com\/wp-content\/uploads\/2020\/12\/tsslogooldsilvertrans.png","contentUrl":"https:\/\/www.tss-24.com\/wp-content\/uploads\/2020\/12\/tsslogooldsilvertrans.png","width":3142,"height":738,"caption":"Technik Service S\u00fcd Frank Klinzmann"},"image":{"@id":"https:\/\/www.tss-24.com\/#\/schema\/logo\/image\/"},"sameAs":["https:\/\/www.facebook.com\/TSS-Technik-Service-S\u00fcd-105498274132523\/","https:\/\/www.linkedin.com\/in\/frank-klinzmann-852b4aa9\/","https:\/\/www.youtube.com\/channel\/UCRaWEa29BpSjjkrk6YTwlYg"]}]}},"_links":{"self":[{"href":"https:\/\/www.tss-24.com\/fr\/wp-json\/wp\/v2\/pages\/2459","targetHints":{"allow":["GET"]}}],"collection":[{"href":"https:\/\/www.tss-24.com\/fr\/wp-json\/wp\/v2\/pages"}],"about":[{"href":"https:\/\/www.tss-24.com\/fr\/wp-json\/wp\/v2\/types\/page"}],"author":[{"embeddable":true,"href":"https:\/\/www.tss-24.com\/fr\/wp-json\/wp\/v2\/users\/1"}],"replies":[{"embeddable":true,"href":"https:\/\/www.tss-24.com\/fr\/wp-json\/wp\/v2\/comments?post=2459"}],"version-history":[{"count":32,"href":"https:\/\/www.tss-24.com\/fr\/wp-json\/wp\/v2\/pages\/2459\/revisions"}],"predecessor-version":[{"id":3324,"href":"https:\/\/www.tss-24.com\/fr\/wp-json\/wp\/v2\/pages\/2459\/revisions\/3324"}],"wp:featuredmedia":[{"embeddable":true,"href":"https:\/\/www.tss-24.com\/fr\/wp-json\/wp\/v2\/media\/2229"}],"wp:attachment":[{"href":"https:\/\/www.tss-24.com\/fr\/wp-json\/wp\/v2\/media?parent=2459"}],"curies":[{"name":"wp","href":"https:\/\/api.w.org\/{rel}","templated":true}]}}