{"id":3,"date":"2020-11-20T06:41:11","date_gmt":"2020-11-20T06:41:11","guid":{"rendered":"http:\/\/tss24.bplaced.net\/wordpress\/?page_id=3"},"modified":"2025-05-30T18:41:00","modified_gmt":"2025-05-30T16:41:00","slug":"privacy-policy","status":"publish","type":"page","link":"https:\/\/www.tss-24.com\/fr\/privacy-policy\/","title":{"rendered":"imprimer"},"content":{"rendered":"<p>imprimer<br>Informations conform\u00e9ment \u00e0 l&#039;article 5 de la loi sur les t\u00e9l\u00e9m\u00e9dias<\/p>\n\n\n\n<p>Frank Klinzmann<br>TSS Technik Service S\u00fcd24 (entreprise individuelle)<\/p>\n\n\n\n<p>Rohensaas 46<br>91486 Uehlfeld <\/p>\n\n\n\n<p>Contacter<\/p>\n\n\n\n<p>T\u00e9l\u00e9phone: +49 (0) 15735314032<br><br>Courriel: frank@tss-24.com<\/p>\n\n\n\n<p>Num\u00e9ro d&#039;identification fiscale<\/p>\n\n\n\n<p>Num\u00e9ro d&#039;identification de la taxe de vente selon \u00a727 une loi sur la taxe de vente: DE 299806769<\/p>\n\n\n\n<p>Responsable du contenu selon \u00a7 55 Abs.2 RStV<\/p>\n\n\n\n<p>Frank Klinzmann<\/p>\n\n\n\n<p>Rohensaas 46<br>91486 Uehlfeld <\/p>\n\n\n\n<p>Nous ne sommes ni dispos\u00e9s ni oblig\u00e9s de participer \u00e0 une proc\u00e9dure de r\u00e8glement des diff\u00e9rends devant un conseil d&#039;arbitrage des consommateurs.<\/p>\n\n\n\n<p>Responsabilit\u00e9 pour le contenu<\/p>\n\n\n\n<p>En tant que fournisseur de services, nous sommes responsables de notre propre contenu sur ces pages conform\u00e9ment au droit g\u00e9n\u00e9ral conform\u00e9ment \u00e0 l&#039;article 7, paragraphe 1 de la loi allemande sur les t\u00e9l\u00e9m\u00e9dias. Selon les \u00a7\u00a7 8 \u00e0 10 TMG, en tant que fournisseur de services, nous ne sommes pas tenus de surveiller les informations de tiers transmises ou stock\u00e9es ou de rechercher des circonstances qui indiquent une activit\u00e9 ill\u00e9gale.<\/p>\n\n\n\n<p>Les obligations de supprimer ou de bloquer l&#039;utilisation des informations conform\u00e9ment aux lois g\u00e9n\u00e9rales restent inchang\u00e9es. Une responsabilit\u00e9 \u00e0 cet \u00e9gard est uniquement \u00e0 partir du moment de<\/p>\n\n\n\n<p>La connaissance d&#039;une violation de la loi sp\u00e9cifique est possible. D\u00e8s que nous aurons connaissance de telles violations de la loi, nous supprimerons ce contenu imm\u00e9diatement.<\/p>\n\n\n\n<p>Responsabilit\u00e9 pour les liens<\/p>\n\n\n\n<p>Notre offre contient des liens vers des sites Web tiers externes sur le contenu desquels nous n&#039;avons aucune influence. Par cons\u00e9quent, nous ne pouvons accepter aucune responsabilit\u00e9 pour ce contenu tiers. Le fournisseur ou l&#039;exploitant respectif des pages est toujours responsable du contenu des pages li\u00e9es. Les pages li\u00e9es ont \u00e9t\u00e9 v\u00e9rifi\u00e9es pour d&#039;\u00e9ventuelles violations de la loi au moment o\u00f9 elles ont \u00e9t\u00e9 li\u00e9es. Aucun contenu ill\u00e9gal n&#039;a \u00e9t\u00e9 trouv\u00e9 au moment de la cr\u00e9ation du lien.<\/p>\n\n\n\n<p>Un contr\u00f4le permanent du contenu des pages li\u00e9es n&#039;est pas raisonnable sans preuve concr\u00e8te d&#039;une violation de la loi. D\u00e8s que nous aurons connaissance de violations de la loi, nous supprimerons ces liens imm\u00e9diatement.<\/p>\n\n\n\n<p>droits d&#039;auteur<\/p>\n\n\n\n<p>Le contenu et les travaux de ces pages cr\u00e9\u00e9s par l&#039;exploitant du site Web sont soumis au droit d&#039;auteur allemand. La duplication, le traitement, la distribution et tout type d&#039;exploitation en dehors des limites de la loi sur le droit d&#039;auteur n\u00e9cessitent le consentement \u00e9crit de l&#039;auteur ou du cr\u00e9ateur respectif. Les t\u00e9l\u00e9chargements et copies de ce site Web ne sont autoris\u00e9s que pour un usage priv\u00e9 et non commercial.<\/p>\n\n\n\n<p>Dans la mesure o\u00f9 le contenu de ce site n&#039;a pas \u00e9t\u00e9 cr\u00e9\u00e9 par l&#039;exploitant, les droits d&#039;auteur de tiers sont respect\u00e9s. En particulier, les contenus de tiers sont signal\u00e9s comme tels. Si vous avez n\u00e9anmoins connaissance d&#039;une violation du droit d&#039;auteur, nous vous demandons un indice. Si nous prenons connaissance de violations de la loi, nous supprimerons ce contenu imm\u00e9diatement.<\/p>\n\n\n\n<p>La source:<\/p>\n\n\n\n<p>eRecht24<br><\/p>","protected":false},"excerpt":{"rendered":"<p>ImpressumAngaben gem\u00e4\u00df \u00a7 5 Telemediengesetz Frank KlinzmannTSS Technik Service S\u00fcd24 (Einzelunternehmer) Rohensaas 4691486 Uehlfeld Kontakt Telefon: +49 (0) 15735314032 E-Mail: frank@tss-24.com Umsatzsteuer-ID Umsatzsteuer-Identifikationsnummer gem\u00e4\u00df \u00a727 a Umsatzsteuergesetz: DE 299 806 769 Verantwortlich f\u00fcr den Inhalt nach \u00a7 55 Abs. 2 RStV Frank Klinzmann Rohensaas 4691486 Uehlfeld Wir sind nicht bereit oder verpflichtet, an Streitbeilegungsverfahren vor [&hellip;]<\/p>\n","protected":false},"author":1,"featured_media":0,"parent":0,"menu_order":0,"comment_status":"closed","ping_status":"closed","template":"templates\/template-page-full-width.php","meta":{"smbp_social_media_block_plugin_url":"","_joinchat":[],"footnotes":""},"class_list":["post-3","page","type-page","status-publish","hentry"],"yoast_head":"<!-- This site is optimized with the Yoast SEO plugin v27.4 - https:\/\/yoast.com\/product\/yoast-seo-wordpress\/ -->\n<title>Impressum - Frank Klinzmann - Technik Service S\u00fcd<\/title>\n<meta name=\"description\" content=\"Technik Service S\u00fcd - Impressum - TSS Technik Service S\u00fcd24 - Frank Klinzmann - frank@tss-24.com +4915735314032\" \/>\n<meta name=\"robots\" content=\"index, follow, max-snippet:-1, max-image-preview:large, max-video-preview:-1\" \/>\n<link rel=\"canonical\" href=\"https:\/\/www.tss-24.com\/fr\/privacy-policy\/\" \/>\n<meta property=\"og:locale\" content=\"fr_FR\" \/>\n<meta property=\"og:type\" content=\"article\" \/>\n<meta property=\"og:title\" content=\"Impressum - Frank Klinzmann - Technik Service S\u00fcd\" \/>\n<meta property=\"og:description\" content=\"Technik Service S\u00fcd - Impressum - TSS Technik Service S\u00fcd24 - Frank Klinzmann - frank@tss-24.com +4915735314032\" \/>\n<meta property=\"og:url\" content=\"https:\/\/www.tss-24.com\/fr\/privacy-policy\/\" \/>\n<meta property=\"og:site_name\" content=\"Technik Service S\u00fcd\" \/>\n<meta property=\"article:publisher\" content=\"https:\/\/www.facebook.com\/TSS-Technik-Service-S%c3%bcd-105498274132523\/\" \/>\n<meta property=\"article:modified_time\" content=\"2025-05-30T16:41:00+00:00\" \/>\n<meta name=\"twitter:card\" content=\"summary_large_image\" \/>\n<meta name=\"twitter:label1\" content=\"Dur\u00e9e de lecture estim\u00e9e\" \/>\n\t<meta name=\"twitter:data1\" content=\"2 minutes\" \/>\n<script type=\"application\/ld+json\" class=\"yoast-schema-graph\">{\"@context\":\"https:\\\/\\\/schema.org\",\"@graph\":[{\"@type\":\"WebPage\",\"@id\":\"https:\\\/\\\/www.tss-24.com\\\/privacy-policy\\\/\",\"url\":\"https:\\\/\\\/www.tss-24.com\\\/privacy-policy\\\/\",\"name\":\"Impressum - Frank Klinzmann - Technik Service S\u00fcd\",\"isPartOf\":{\"@id\":\"https:\\\/\\\/www.tss-24.com\\\/#website\"},\"datePublished\":\"2020-11-20T06:41:11+00:00\",\"dateModified\":\"2025-05-30T16:41:00+00:00\",\"description\":\"Technik Service S\u00fcd - Impressum - TSS Technik Service S\u00fcd24 - Frank Klinzmann - frank@tss-24.com +4915735314032\",\"breadcrumb\":{\"@id\":\"https:\\\/\\\/www.tss-24.com\\\/privacy-policy\\\/#breadcrumb\"},\"inLanguage\":\"fr-FR\",\"potentialAction\":[{\"@type\":\"ReadAction\",\"target\":[\"https:\\\/\\\/www.tss-24.com\\\/privacy-policy\\\/\"]}]},{\"@type\":\"BreadcrumbList\",\"@id\":\"https:\\\/\\\/www.tss-24.com\\\/privacy-policy\\\/#breadcrumb\",\"itemListElement\":[{\"@type\":\"ListItem\",\"position\":1,\"name\":\"Startseite\",\"item\":\"https:\\\/\\\/www.tss-24.com\\\/\"},{\"@type\":\"ListItem\",\"position\":2,\"name\":\"Impressum\"}]},{\"@type\":\"WebSite\",\"@id\":\"https:\\\/\\\/www.tss-24.com\\\/#website\",\"url\":\"https:\\\/\\\/www.tss-24.com\\\/\",\"name\":\"Technik Service S\u00fcd\",\"description\":\"Your Health is your wealth\",\"publisher\":{\"@id\":\"https:\\\/\\\/www.tss-24.com\\\/#organization\"},\"potentialAction\":[{\"@type\":\"SearchAction\",\"target\":{\"@type\":\"EntryPoint\",\"urlTemplate\":\"https:\\\/\\\/www.tss-24.com\\\/?s={search_term_string}\"},\"query-input\":{\"@type\":\"PropertyValueSpecification\",\"valueRequired\":true,\"valueName\":\"search_term_string\"}}],\"inLanguage\":\"fr-FR\"},{\"@type\":\"Organization\",\"@id\":\"https:\\\/\\\/www.tss-24.com\\\/#organization\",\"name\":\"Technik Service S\u00fcd Frank Klinzmann\",\"url\":\"https:\\\/\\\/www.tss-24.com\\\/\",\"logo\":{\"@type\":\"ImageObject\",\"inLanguage\":\"fr-FR\",\"@id\":\"https:\\\/\\\/www.tss-24.com\\\/#\\\/schema\\\/logo\\\/image\\\/\",\"url\":\"https:\\\/\\\/www.tss-24.com\\\/wp-content\\\/uploads\\\/2020\\\/12\\\/tsslogooldsilvertrans.png\",\"contentUrl\":\"https:\\\/\\\/www.tss-24.com\\\/wp-content\\\/uploads\\\/2020\\\/12\\\/tsslogooldsilvertrans.png\",\"width\":3142,\"height\":738,\"caption\":\"Technik Service S\u00fcd Frank Klinzmann\"},\"image\":{\"@id\":\"https:\\\/\\\/www.tss-24.com\\\/#\\\/schema\\\/logo\\\/image\\\/\"},\"sameAs\":[\"https:\\\/\\\/www.facebook.com\\\/TSS-Technik-Service-S\u00fcd-105498274132523\\\/\",\"https:\\\/\\\/www.linkedin.com\\\/in\\\/frank-klinzmann-852b4aa9\\\/\",\"https:\\\/\\\/www.youtube.com\\\/channel\\\/UCRaWEa29BpSjjkrk6YTwlYg\"]}]}<\/script>\n<!-- \/ Yoast SEO plugin. -->","yoast_head_json":{"title":"Impressum - Frank Klinzmann - Technik Service S\u00fcd","description":"Technik Service S\u00fcd - Impressum - TSS Technik Service S\u00fcd24 - Frank Klinzmann - frank@tss-24.com +4915735314032","robots":{"index":"index","follow":"follow","max-snippet":"max-snippet:-1","max-image-preview":"max-image-preview:large","max-video-preview":"max-video-preview:-1"},"canonical":"https:\/\/www.tss-24.com\/fr\/privacy-policy\/","og_locale":"fr_FR","og_type":"article","og_title":"Impressum - Frank Klinzmann - Technik Service S\u00fcd","og_description":"Technik Service S\u00fcd - Impressum - TSS Technik Service S\u00fcd24 - Frank Klinzmann - frank@tss-24.com +4915735314032","og_url":"https:\/\/www.tss-24.com\/fr\/privacy-policy\/","og_site_name":"Technik Service S\u00fcd","article_publisher":"https:\/\/www.facebook.com\/TSS-Technik-Service-S%c3%bcd-105498274132523\/","article_modified_time":"2025-05-30T16:41:00+00:00","twitter_card":"summary_large_image","twitter_misc":{"Dur\u00e9e de lecture estim\u00e9e":"2 minutes"},"schema":{"@context":"https:\/\/schema.org","@graph":[{"@type":"WebPage","@id":"https:\/\/www.tss-24.com\/privacy-policy\/","url":"https:\/\/www.tss-24.com\/privacy-policy\/","name":"Impressum - Frank Klinzmann - Technik Service S\u00fcd","isPartOf":{"@id":"https:\/\/www.tss-24.com\/#website"},"datePublished":"2020-11-20T06:41:11+00:00","dateModified":"2025-05-30T16:41:00+00:00","description":"Technik Service S\u00fcd - Impressum - TSS Technik Service S\u00fcd24 - Frank Klinzmann - frank@tss-24.com +4915735314032","breadcrumb":{"@id":"https:\/\/www.tss-24.com\/privacy-policy\/#breadcrumb"},"inLanguage":"fr-FR","potentialAction":[{"@type":"ReadAction","target":["https:\/\/www.tss-24.com\/privacy-policy\/"]}]},{"@type":"BreadcrumbList","@id":"https:\/\/www.tss-24.com\/privacy-policy\/#breadcrumb","itemListElement":[{"@type":"ListItem","position":1,"name":"Startseite","item":"https:\/\/www.tss-24.com\/"},{"@type":"ListItem","position":2,"name":"Impressum"}]},{"@type":"WebSite","@id":"https:\/\/www.tss-24.com\/#website","url":"https:\/\/www.tss-24.com\/","name":"Technik Service S\u00fcd","description":"Your Health is your wealth","publisher":{"@id":"https:\/\/www.tss-24.com\/#organization"},"potentialAction":[{"@type":"SearchAction","target":{"@type":"EntryPoint","urlTemplate":"https:\/\/www.tss-24.com\/?s={search_term_string}"},"query-input":{"@type":"PropertyValueSpecification","valueRequired":true,"valueName":"search_term_string"}}],"inLanguage":"fr-FR"},{"@type":"Organization","@id":"https:\/\/www.tss-24.com\/#organization","name":"Service technique S\u00fcd Frank Klinzmann","url":"https:\/\/www.tss-24.com\/","logo":{"@type":"ImageObject","inLanguage":"fr-FR","@id":"https:\/\/www.tss-24.com\/#\/schema\/logo\/image\/","url":"https:\/\/www.tss-24.com\/wp-content\/uploads\/2020\/12\/tsslogooldsilvertrans.png","contentUrl":"https:\/\/www.tss-24.com\/wp-content\/uploads\/2020\/12\/tsslogooldsilvertrans.png","width":3142,"height":738,"caption":"Technik Service S\u00fcd Frank Klinzmann"},"image":{"@id":"https:\/\/www.tss-24.com\/#\/schema\/logo\/image\/"},"sameAs":["https:\/\/www.facebook.com\/TSS-Technik-Service-S\u00fcd-105498274132523\/","https:\/\/www.linkedin.com\/in\/frank-klinzmann-852b4aa9\/","https:\/\/www.youtube.com\/channel\/UCRaWEa29BpSjjkrk6YTwlYg"]}]}},"_links":{"self":[{"href":"https:\/\/www.tss-24.com\/fr\/wp-json\/wp\/v2\/pages\/3","targetHints":{"allow":["GET"]}}],"collection":[{"href":"https:\/\/www.tss-24.com\/fr\/wp-json\/wp\/v2\/pages"}],"about":[{"href":"https:\/\/www.tss-24.com\/fr\/wp-json\/wp\/v2\/types\/page"}],"author":[{"embeddable":true,"href":"https:\/\/www.tss-24.com\/fr\/wp-json\/wp\/v2\/users\/1"}],"replies":[{"embeddable":true,"href":"https:\/\/www.tss-24.com\/fr\/wp-json\/wp\/v2\/comments?post=3"}],"version-history":[{"count":5,"href":"https:\/\/www.tss-24.com\/fr\/wp-json\/wp\/v2\/pages\/3\/revisions"}],"predecessor-version":[{"id":3331,"href":"https:\/\/www.tss-24.com\/fr\/wp-json\/wp\/v2\/pages\/3\/revisions\/3331"}],"wp:attachment":[{"href":"https:\/\/www.tss-24.com\/fr\/wp-json\/wp\/v2\/media?parent=3"}],"curies":[{"name":"wp","href":"https:\/\/api.w.org\/{rel}","templated":true}]}}