{"id":2430,"date":"2022-01-25T20:26:32","date_gmt":"2022-01-25T20:26:32","guid":{"rendered":"https:\/\/www.tss-24.com\/?page_id=2430"},"modified":"2022-01-26T13:02:29","modified_gmt":"2022-01-26T13:02:29","slug":"schlaufen","status":"publish","type":"page","link":"https:\/\/www.tss-24.com\/it\/verbrauchsmaterialien\/schlaufen\/","title":{"rendered":"Schlaufen"},"content":{"rendered":"<div data-elementor-type=\"wp-page\" data-elementor-id=\"2430\" class=\"elementor elementor-2430\">\n\t\t\t\t\t\t<section class=\"elementor-section elementor-top-section elementor-element elementor-element-1ff858d0 elementor-section-height-min-height elementor-section-boxed elementor-section-height-default elementor-section-items-middle\" data-id=\"1ff858d0\" data-element_type=\"section\" data-e-type=\"section\">\n\t\t\t\t\t\t<div class=\"elementor-container elementor-column-gap-default\">\n\t\t\t\t\t<div class=\"elementor-column elementor-col-100 elementor-top-column elementor-element elementor-element-38670790\" data-id=\"38670790\" data-element_type=\"column\" data-e-type=\"column\">\n\t\t\t<div class=\"elementor-widget-wrap elementor-element-populated\">\n\t\t\t\t\t\t<div class=\"elementor-element elementor-element-709a467a elementor-widget elementor-widget-heading\" data-id=\"709a467a\" data-element_type=\"widget\" data-e-type=\"widget\" data-widget_type=\"heading.default\">\n\t\t\t\t<div class=\"elementor-widget-container\">\n\t\t\t\t\t<h1 class=\"elementor-heading-title elementor-size-default\">SChlaufen<\/h1>\t\t\t\t<\/div>\n\t\t\t\t<\/div>\n\t\t\t\t<div class=\"elementor-element elementor-element-6f46a2ea elementor-widget elementor-widget-text-editor\" data-id=\"6f46a2ea\" data-element_type=\"widget\" data-e-type=\"widget\" data-widget_type=\"text-editor.default\">\n\t\t\t\t<div class=\"elementor-widget-container\">\n\t\t\t\t\t\t\t\t\t<p>Praktisch alle auf dem Weltmarkt verf\u00fcgbaren Schlaufen zum Verschlie\u00dfen von Kunstd\u00e4rmen, W\u00fcrsten, Beuteln, Netzen, S\u00e4cken und anderen Verpackungsarten \u00a0in verschiedensten Formaten und Farben sind bei uns erh\u00e4ltlich.<\/p>\t\t\t\t\t\t\t\t<\/div>\n\t\t\t\t<\/div>\n\t\t\t\t\t<\/div>\n\t\t<\/div>\n\t\t\t\t\t<\/div>\n\t\t<\/section>\n\t\t\t\t<section class=\"elementor-section elementor-top-section elementor-element elementor-element-3a46ad9e elementor-section-full_width elementor-section-height-default elementor-section-height-default\" data-id=\"3a46ad9e\" data-element_type=\"section\" data-e-type=\"section\">\n\t\t\t\t\t\t<div class=\"elementor-container elementor-column-gap-default\">\n\t\t\t\t\t<div class=\"elementor-column elementor-col-100 elementor-top-column elementor-element elementor-element-5687543b\" data-id=\"5687543b\" data-element_type=\"column\" data-e-type=\"column\">\n\t\t\t<div class=\"elementor-widget-wrap elementor-element-populated\">\n\t\t\t\t\t\t<div class=\"elementor-element elementor-element-4c145f4d gallery-spacing-custom elementor-widget elementor-widget-image-gallery\" data-id=\"4c145f4d\" data-element_type=\"widget\" data-e-type=\"widget\" data-widget_type=\"image-gallery.default\">\n\t\t\t\t<div class=\"elementor-widget-container\">\n\t\t\t\t\t\t\t<div class=\"elementor-image-gallery\">\n\t\t\t<div id='gallery-1' class='gallery galleryid-2430 gallery-columns-1 gallery-size-full'><figure class='gallery-item'>\n\t\t\t<div class='gallery-icon landscape'>\n\t\t\t\t<a data-elementor-open-lightbox=\"yes\" data-elementor-lightbox-slideshow=\"4c145f4d\" data-elementor-lightbox-title=\"metalldetektierbare-schlaufen\" data-e-action-hash=\"#elementor-action%3Aaction%3Dlightbox%26settings%3DeyJpZCI6MjcxMywidXJsIjoiaHR0cHM6XC9cL3d3dy50c3MtMjQuY29tXC93cC1jb250ZW50XC91cGxvYWRzXC8yMDIyXC8wMVwvbWV0YWxsZGV0ZWt0aWVyYmFyZS1zY2hsYXVmZW4uanBnIiwic2xpZGVzaG93IjoiNGMxNDVmNGQifQ%3D%3D\" href='https:\/\/www.tss-24.com\/wp-content\/uploads\/2022\/01\/metalldetektierbare-schlaufen.jpg'><img fetchpriority=\"high\" decoding=\"async\" width=\"500\" height=\"300\" src=\"https:\/\/www.tss-24.com\/wp-content\/uploads\/2022\/01\/metalldetektierbare-schlaufen.jpg\" class=\"attachment-full size-full\" alt=\"\" srcset=\"https:\/\/www.tss-24.com\/wp-content\/uploads\/2022\/01\/metalldetektierbare-schlaufen.jpg 500w, https:\/\/www.tss-24.com\/wp-content\/uploads\/2022\/01\/metalldetektierbare-schlaufen-300x180.jpg 300w, https:\/\/www.tss-24.com\/wp-content\/uploads\/2022\/01\/metalldetektierbare-schlaufen-18x12.jpg 18w\" sizes=\"(max-width: 500px) 100vw, 500px\" \/><\/a>\n\t\t\t<\/div><\/figure><figure class='gallery-item'>\n\t\t\t<div class='gallery-icon landscape'>\n\t\t\t\t<a data-elementor-open-lightbox=\"yes\" data-elementor-lightbox-slideshow=\"4c145f4d\" data-elementor-lightbox-title=\"schlaufen-hersteller\" data-e-action-hash=\"#elementor-action%3Aaction%3Dlightbox%26settings%3DeyJpZCI6MjcxNCwidXJsIjoiaHR0cHM6XC9cL3d3dy50c3MtMjQuY29tXC93cC1jb250ZW50XC91cGxvYWRzXC8yMDIyXC8wMVwvc2NobGF1ZmVuLWhlcnN0ZWxsZXItMS5qcGciLCJzbGlkZXNob3ciOiI0YzE0NWY0ZCJ9\" href='https:\/\/www.tss-24.com\/wp-content\/uploads\/2022\/01\/schlaufen-hersteller-1.jpg'><img decoding=\"async\" width=\"500\" height=\"300\" src=\"https:\/\/www.tss-24.com\/wp-content\/uploads\/2022\/01\/schlaufen-hersteller-1.jpg\" class=\"attachment-full size-full\" alt=\"\" srcset=\"https:\/\/www.tss-24.com\/wp-content\/uploads\/2022\/01\/schlaufen-hersteller-1.jpg 500w, https:\/\/www.tss-24.com\/wp-content\/uploads\/2022\/01\/schlaufen-hersteller-1-300x180.jpg 300w, https:\/\/www.tss-24.com\/wp-content\/uploads\/2022\/01\/schlaufen-hersteller-1-18x12.jpg 18w\" sizes=\"(max-width: 500px) 100vw, 500px\" \/><\/a>\n\t\t\t<\/div><\/figure>\n\t\t<\/div>\n\t\t<\/div>\n\t\t\t\t\t\t<\/div>\n\t\t\t\t<\/div>\n\t\t\t\t\t<\/div>\n\t\t<\/div>\n\t\t\t\t\t<\/div>\n\t\t<\/section>\n\t\t\t\t<\/div>","protected":false},"excerpt":{"rendered":"<p>SChlaufen Praktisch alle auf dem Weltmarkt verf\u00fcgbaren Schlaufen zum Verschlie\u00dfen von Kunstd\u00e4rmen, W\u00fcrsten, Beuteln, Netzen, S\u00e4cken und anderen Verpackungsarten \u00a0in verschiedensten Formaten und Farben sind bei uns erh\u00e4ltlich.<\/p>","protected":false},"author":1,"featured_media":2702,"parent":2627,"menu_order":0,"comment_status":"closed","ping_status":"closed","template":"elementor_header_footer","meta":{"smbp_social_media_block_plugin_url":"","_joinchat":[],"footnotes":""},"class_list":["post-2430","page","type-page","status-publish","has-post-thumbnail","hentry"],"yoast_head":"<!-- This site is optimized with the Yoast SEO plugin v27.4 - https:\/\/yoast.com\/product\/yoast-seo-wordpress\/ -->\n<title>Schlaufen - Technik Service S\u00fcd<\/title>\n<meta name=\"robots\" content=\"index, follow, max-snippet:-1, max-image-preview:large, max-video-preview:-1\" \/>\n<link rel=\"canonical\" href=\"https:\/\/www.tss-24.com\/it\/verbrauchsmaterialien\/schlaufen\/\" \/>\n<meta property=\"og:locale\" content=\"it_IT\" \/>\n<meta property=\"og:type\" content=\"article\" \/>\n<meta property=\"og:title\" content=\"Schlaufen - Technik Service S\u00fcd\" \/>\n<meta property=\"og:description\" content=\"SChlaufen Praktisch alle auf dem Weltmarkt verf\u00fcgbaren Schlaufen zum Verschlie\u00dfen von Kunstd\u00e4rmen, W\u00fcrsten, Beuteln, Netzen, S\u00e4cken und anderen Verpackungsarten \u00a0in verschiedensten Formaten und Farben sind bei uns erh\u00e4ltlich.\" \/>\n<meta property=\"og:url\" content=\"https:\/\/www.tss-24.com\/it\/verbrauchsmaterialien\/schlaufen\/\" \/>\n<meta property=\"og:site_name\" content=\"Technik Service S\u00fcd\" \/>\n<meta property=\"article:publisher\" content=\"https:\/\/www.facebook.com\/TSS-Technik-Service-S%c3%bcd-105498274132523\/\" \/>\n<meta property=\"article:modified_time\" content=\"2022-01-26T13:02:29+00:00\" \/>\n<meta property=\"og:image\" content=\"https:\/\/www.tss-24.com\/wp-content\/uploads\/2022\/01\/schlaufen-hersteller.jpg\" \/>\n\t<meta property=\"og:image:width\" content=\"500\" \/>\n\t<meta property=\"og:image:height\" content=\"300\" \/>\n\t<meta property=\"og:image:type\" content=\"image\/jpeg\" \/>\n<meta name=\"twitter:card\" content=\"summary_large_image\" \/>\n<meta name=\"twitter:label1\" content=\"Tempo di lettura stimato\" \/>\n\t<meta name=\"twitter:data1\" content=\"1 minuto\" \/>\n<script type=\"application\/ld+json\" class=\"yoast-schema-graph\">{\"@context\":\"https:\\\/\\\/schema.org\",\"@graph\":[{\"@type\":\"WebPage\",\"@id\":\"https:\\\/\\\/www.tss-24.com\\\/it\\\/verbrauchsmaterialien\\\/schlaufen\\\/\",\"url\":\"https:\\\/\\\/www.tss-24.com\\\/it\\\/verbrauchsmaterialien\\\/schlaufen\\\/\",\"name\":\"Schlaufen - Technik Service S\u00fcd\",\"isPartOf\":{\"@id\":\"https:\\\/\\\/www.tss-24.com\\\/#website\"},\"primaryImageOfPage\":{\"@id\":\"https:\\\/\\\/www.tss-24.com\\\/it\\\/verbrauchsmaterialien\\\/schlaufen\\\/#primaryimage\"},\"image\":{\"@id\":\"https:\\\/\\\/www.tss-24.com\\\/it\\\/verbrauchsmaterialien\\\/schlaufen\\\/#primaryimage\"},\"thumbnailUrl\":\"https:\\\/\\\/www.tss-24.com\\\/wp-content\\\/uploads\\\/2022\\\/01\\\/schlaufen-hersteller.jpg\",\"datePublished\":\"2022-01-25T20:26:32+00:00\",\"dateModified\":\"2022-01-26T13:02:29+00:00\",\"breadcrumb\":{\"@id\":\"https:\\\/\\\/www.tss-24.com\\\/it\\\/verbrauchsmaterialien\\\/schlaufen\\\/#breadcrumb\"},\"inLanguage\":\"it-IT\",\"potentialAction\":[{\"@type\":\"ReadAction\",\"target\":[\"https:\\\/\\\/www.tss-24.com\\\/it\\\/verbrauchsmaterialien\\\/schlaufen\\\/\"]}]},{\"@type\":\"ImageObject\",\"inLanguage\":\"it-IT\",\"@id\":\"https:\\\/\\\/www.tss-24.com\\\/it\\\/verbrauchsmaterialien\\\/schlaufen\\\/#primaryimage\",\"url\":\"https:\\\/\\\/www.tss-24.com\\\/wp-content\\\/uploads\\\/2022\\\/01\\\/schlaufen-hersteller.jpg\",\"contentUrl\":\"https:\\\/\\\/www.tss-24.com\\\/wp-content\\\/uploads\\\/2022\\\/01\\\/schlaufen-hersteller.jpg\",\"width\":500,\"height\":300},{\"@type\":\"BreadcrumbList\",\"@id\":\"https:\\\/\\\/www.tss-24.com\\\/it\\\/verbrauchsmaterialien\\\/schlaufen\\\/#breadcrumb\",\"itemListElement\":[{\"@type\":\"ListItem\",\"position\":1,\"name\":\"Startseite\",\"item\":\"https:\\\/\\\/www.tss-24.com\\\/\"},{\"@type\":\"ListItem\",\"position\":2,\"name\":\"Verbrauchsmaterialien\",\"item\":\"https:\\\/\\\/www.tss-24.com\\\/en\\\/verbrauchsmaterialien\\\/\"},{\"@type\":\"ListItem\",\"position\":3,\"name\":\"Schlaufen\"}]},{\"@type\":\"WebSite\",\"@id\":\"https:\\\/\\\/www.tss-24.com\\\/#website\",\"url\":\"https:\\\/\\\/www.tss-24.com\\\/\",\"name\":\"Technik Service S\u00fcd\",\"description\":\"Your Health is your wealth\",\"publisher\":{\"@id\":\"https:\\\/\\\/www.tss-24.com\\\/#organization\"},\"potentialAction\":[{\"@type\":\"SearchAction\",\"target\":{\"@type\":\"EntryPoint\",\"urlTemplate\":\"https:\\\/\\\/www.tss-24.com\\\/?s={search_term_string}\"},\"query-input\":{\"@type\":\"PropertyValueSpecification\",\"valueRequired\":true,\"valueName\":\"search_term_string\"}}],\"inLanguage\":\"it-IT\"},{\"@type\":\"Organization\",\"@id\":\"https:\\\/\\\/www.tss-24.com\\\/#organization\",\"name\":\"Technik Service S\u00fcd Frank Klinzmann\",\"url\":\"https:\\\/\\\/www.tss-24.com\\\/\",\"logo\":{\"@type\":\"ImageObject\",\"inLanguage\":\"it-IT\",\"@id\":\"https:\\\/\\\/www.tss-24.com\\\/#\\\/schema\\\/logo\\\/image\\\/\",\"url\":\"https:\\\/\\\/www.tss-24.com\\\/wp-content\\\/uploads\\\/2020\\\/12\\\/tsslogooldsilvertrans.png\",\"contentUrl\":\"https:\\\/\\\/www.tss-24.com\\\/wp-content\\\/uploads\\\/2020\\\/12\\\/tsslogooldsilvertrans.png\",\"width\":3142,\"height\":738,\"caption\":\"Technik Service S\u00fcd Frank Klinzmann\"},\"image\":{\"@id\":\"https:\\\/\\\/www.tss-24.com\\\/#\\\/schema\\\/logo\\\/image\\\/\"},\"sameAs\":[\"https:\\\/\\\/www.facebook.com\\\/TSS-Technik-Service-S\u00fcd-105498274132523\\\/\",\"https:\\\/\\\/www.linkedin.com\\\/in\\\/frank-klinzmann-852b4aa9\\\/\",\"https:\\\/\\\/www.youtube.com\\\/channel\\\/UCRaWEa29BpSjjkrk6YTwlYg\"]}]}<\/script>\n<!-- \/ Yoast SEO plugin. -->","yoast_head_json":{"title":"Schlaufen - Technik Service S\u00fcd","robots":{"index":"index","follow":"follow","max-snippet":"max-snippet:-1","max-image-preview":"max-image-preview:large","max-video-preview":"max-video-preview:-1"},"canonical":"https:\/\/www.tss-24.com\/it\/verbrauchsmaterialien\/schlaufen\/","og_locale":"it_IT","og_type":"article","og_title":"Schlaufen - Technik Service S\u00fcd","og_description":"SChlaufen Praktisch alle auf dem Weltmarkt verf\u00fcgbaren Schlaufen zum Verschlie\u00dfen von Kunstd\u00e4rmen, W\u00fcrsten, Beuteln, Netzen, S\u00e4cken und anderen Verpackungsarten \u00a0in verschiedensten Formaten und Farben sind bei uns erh\u00e4ltlich.","og_url":"https:\/\/www.tss-24.com\/it\/verbrauchsmaterialien\/schlaufen\/","og_site_name":"Technik Service S\u00fcd","article_publisher":"https:\/\/www.facebook.com\/TSS-Technik-Service-S%c3%bcd-105498274132523\/","article_modified_time":"2022-01-26T13:02:29+00:00","og_image":[{"width":500,"height":300,"url":"https:\/\/www.tss-24.com\/wp-content\/uploads\/2022\/01\/schlaufen-hersteller.jpg","type":"image\/jpeg"}],"twitter_card":"summary_large_image","twitter_misc":{"Tempo di lettura stimato":"1 minuto"},"schema":{"@context":"https:\/\/schema.org","@graph":[{"@type":"WebPage","@id":"https:\/\/www.tss-24.com\/it\/verbrauchsmaterialien\/schlaufen\/","url":"https:\/\/www.tss-24.com\/it\/verbrauchsmaterialien\/schlaufen\/","name":"Schlaufen - Technik Service S\u00fcd","isPartOf":{"@id":"https:\/\/www.tss-24.com\/#website"},"primaryImageOfPage":{"@id":"https:\/\/www.tss-24.com\/it\/verbrauchsmaterialien\/schlaufen\/#primaryimage"},"image":{"@id":"https:\/\/www.tss-24.com\/it\/verbrauchsmaterialien\/schlaufen\/#primaryimage"},"thumbnailUrl":"https:\/\/www.tss-24.com\/wp-content\/uploads\/2022\/01\/schlaufen-hersteller.jpg","datePublished":"2022-01-25T20:26:32+00:00","dateModified":"2022-01-26T13:02:29+00:00","breadcrumb":{"@id":"https:\/\/www.tss-24.com\/it\/verbrauchsmaterialien\/schlaufen\/#breadcrumb"},"inLanguage":"it-IT","potentialAction":[{"@type":"ReadAction","target":["https:\/\/www.tss-24.com\/it\/verbrauchsmaterialien\/schlaufen\/"]}]},{"@type":"ImageObject","inLanguage":"it-IT","@id":"https:\/\/www.tss-24.com\/it\/verbrauchsmaterialien\/schlaufen\/#primaryimage","url":"https:\/\/www.tss-24.com\/wp-content\/uploads\/2022\/01\/schlaufen-hersteller.jpg","contentUrl":"https:\/\/www.tss-24.com\/wp-content\/uploads\/2022\/01\/schlaufen-hersteller.jpg","width":500,"height":300},{"@type":"BreadcrumbList","@id":"https:\/\/www.tss-24.com\/it\/verbrauchsmaterialien\/schlaufen\/#breadcrumb","itemListElement":[{"@type":"ListItem","position":1,"name":"Startseite","item":"https:\/\/www.tss-24.com\/"},{"@type":"ListItem","position":2,"name":"Verbrauchsmaterialien","item":"https:\/\/www.tss-24.com\/en\/verbrauchsmaterialien\/"},{"@type":"ListItem","position":3,"name":"Schlaufen"}]},{"@type":"WebSite","@id":"https:\/\/www.tss-24.com\/#website","url":"https:\/\/www.tss-24.com\/","name":"Technik Service S\u00fcd","description":"Your Health is your wealth","publisher":{"@id":"https:\/\/www.tss-24.com\/#organization"},"potentialAction":[{"@type":"SearchAction","target":{"@type":"EntryPoint","urlTemplate":"https:\/\/www.tss-24.com\/?s={search_term_string}"},"query-input":{"@type":"PropertyValueSpecification","valueRequired":true,"valueName":"search_term_string"}}],"inLanguage":"it-IT"},{"@type":"Organization","@id":"https:\/\/www.tss-24.com\/#organization","name":"Servizio tecnico S\u00fcd Frank Klinzmann","url":"https:\/\/www.tss-24.com\/","logo":{"@type":"ImageObject","inLanguage":"it-IT","@id":"https:\/\/www.tss-24.com\/#\/schema\/logo\/image\/","url":"https:\/\/www.tss-24.com\/wp-content\/uploads\/2020\/12\/tsslogooldsilvertrans.png","contentUrl":"https:\/\/www.tss-24.com\/wp-content\/uploads\/2020\/12\/tsslogooldsilvertrans.png","width":3142,"height":738,"caption":"Technik Service S\u00fcd Frank Klinzmann"},"image":{"@id":"https:\/\/www.tss-24.com\/#\/schema\/logo\/image\/"},"sameAs":["https:\/\/www.facebook.com\/TSS-Technik-Service-S\u00fcd-105498274132523\/","https:\/\/www.linkedin.com\/in\/frank-klinzmann-852b4aa9\/","https:\/\/www.youtube.com\/channel\/UCRaWEa29BpSjjkrk6YTwlYg"]}]}},"_links":{"self":[{"href":"https:\/\/www.tss-24.com\/it\/wp-json\/wp\/v2\/pages\/2430","targetHints":{"allow":["GET"]}}],"collection":[{"href":"https:\/\/www.tss-24.com\/it\/wp-json\/wp\/v2\/pages"}],"about":[{"href":"https:\/\/www.tss-24.com\/it\/wp-json\/wp\/v2\/types\/page"}],"author":[{"embeddable":true,"href":"https:\/\/www.tss-24.com\/it\/wp-json\/wp\/v2\/users\/1"}],"replies":[{"embeddable":true,"href":"https:\/\/www.tss-24.com\/it\/wp-json\/wp\/v2\/comments?post=2430"}],"version-history":[{"count":7,"href":"https:\/\/www.tss-24.com\/it\/wp-json\/wp\/v2\/pages\/2430\/revisions"}],"predecessor-version":[{"id":2720,"href":"https:\/\/www.tss-24.com\/it\/wp-json\/wp\/v2\/pages\/2430\/revisions\/2720"}],"up":[{"embeddable":true,"href":"https:\/\/www.tss-24.com\/it\/wp-json\/wp\/v2\/pages\/2627"}],"wp:featuredmedia":[{"embeddable":true,"href":"https:\/\/www.tss-24.com\/it\/wp-json\/wp\/v2\/media\/2702"}],"wp:attachment":[{"href":"https:\/\/www.tss-24.com\/it\/wp-json\/wp\/v2\/media?parent=2430"}],"curies":[{"name":"wp","href":"https:\/\/api.w.org\/{rel}","templated":true}]}}